{"id":239,"date":"2015-07-21T17:36:16","date_gmt":"2015-07-21T15:36:16","guid":{"rendered":"http:\/\/members.loria.fr\/infodoc\/?page_id=239"},"modified":"2016-09-19T16:15:39","modified_gmt":"2016-09-19T14:15:39","slug":"static","status":"publish","type":"page","link":"https:\/\/members.loria.fr\/infodoc\/manips\/static\/","title":{"rendered":"L&rsquo;espace web statique"},"content":{"rendered":"<h2>Sommaire<\/h2>\n<ul>\n<li><a href=\"#1\">Introduction<\/a><\/li>\n<li><a href=\"#2\">Principe<\/a><\/li>\n<li><a href=\"#3\">Fonctionnement<\/a><\/li>\n<li><a href=\"#4\">Acc\u00e8s<\/a>\n<ol>\n<li><a href=\"#7\">sous MacOS X<\/a><\/li>\n<li><a href=\"#8\">sous Windows<\/a><\/li>\n<li><a href=\"#9\">sous Linux<\/a><\/li>\n<\/ol>\n<\/li>\n<li><a href=\"#5\">Que mettre sur cet espace ?<\/a><\/li>\n<li><a href=\"#6\">Puis-je construire tout mon site sur cet espace web ?<\/a><\/li>\n<\/ul>\n<h3><a name=\"1\"><\/a>Introduction<\/h3>\n<p>Pour vous permettre une transition en douceur depuis l&rsquo;ancien syst\u00e8me des pages professionnelles, en place depuis 20 ans, nous avons \u00e9galement conserv\u00e9 le principe d&rsquo;une partition (\u00ab\u00a0<i>espace web<\/i>\u00ab\u00a0) servie par le seveur web et accessible en modification sur le r\u00e9seau interne du laboratoire.<\/p>\n<h3><a name=\"2\"><\/a>Principe<\/h3>\n<p>En m\u00eame temps que nous avons cr\u00e9\u00e9 votre site g\u00e9r\u00e9 par WordPress, nous avons donc cr\u00e9\u00e9 un nouvel <b>espace web<\/b> sur lequel vous pouvez d\u00e9poser des fichiers qui seront accessibles sur le web.<\/p>\n<ul>\n<li>votre espace web personnel est caract\u00e9ris\u00e9 par votre login (au montage de la partition), mais ce login n&rsquo;apparaitra jamais dans l&rsquo;URL<\/li>\n<li><b>attention<\/b> : la partition (\/hp_files\/) est diff\u00e9rente de la pr\u00e9c\u00e9dente (\/web-homepages\/).<\/li>\n<li>pour des raisons \u00e9videntes de s\u00e9curit\u00e9, et <b>contrairement aux anciennes pages professionnelles<\/b>, ce site ne permet aucune programmation (pas de PHP, pas de cgi-bin en Perl,\u2026).<\/li>\n<li>vous pouvez y d\u00e9poser des m\u00e9dias (images, photos, vid\u00e9os, fichers pdf, \u2026), de simples pages en HTML, cr\u00e9er des effets plus dynamiques en HTML5, ou m\u00eame comme le font certains, g\u00e9n\u00e9rer un site statique complet \u00e0 partir de donn\u00e9es locales pouss\u00e9es sur cet espace web.<\/li>\n<\/ul>\n<p>Nous laisserons l&rsquo;ancienne partition accessible un certain temps pour vous permettre d&rsquo;en recopier les fichiers int\u00e9ressants vers le nouvel espace.<br \/>\n<b>MERCI DE FAIRE LE M\u00c9NAGE !<\/b><\/p>\n<h3><a name=\"3\"><\/a>Fonctionnement<\/h3>\n<p>Une URL sp\u00e9cifique est redirig\u00e9e vers cet espace :<br \/>\n<b>http:\/\/members.loria.fr\/pseudo\/files\/<\/b> renvoie au contenu de <b>\/hpfiles\/login\/<\/b><\/p>\n<p>Par exemple, en cliquant sur https:\/\/members.loria.fr\/infodoc\/files\/index.html, vous afficherez la page index.html qui se trouve \u00e0 la racine de l&rsquo;espace web de l&rsquo;utilisateur infodoc.<\/p>\n<h3><a name=\"4\"><\/a>Acc\u00e8s<\/h3>\n<p>Pour acc\u00e9der \u00e0 votre nouvel espace web et y d\u00e9poser des fichiers, depuis MacOS X ou Windows, le principe est le m\u00eame que pour \/web-homepages\/:<\/p>\n<ul>\n<li><a name=\"7\"><\/a><b>sous MacOS X<\/b> :<br \/>\n<span style=\"color: red ; font-weight: bold ;\">Attention !!! ce volume a migr\u00e9 vers un nouveau NAS. Le bon chemin est maintenant : cifs:\/\/alcor.loria.fr\/hp_files\/<\/span><br \/>Nous mettons \u00e0 jour ces images d\u00e8s que possible&#8230;<\/p>\n<ul>\n<li>dans le <b>Finder<\/b>, s\u00e9lectionner l&rsquo;option <b>Se connecter au serveur\u2026<\/b> de l&rsquo;onglet <b>Aller<\/b> du menu\n<p><img decoding=\"async\" src=\"\/infodoc\/files\/img\/manips\/montage-macOSX-1.png\" alt=\"montage macOSX 1\" \\>\n<\/li>\n<li>dans la fen\u00eatre pop-up qui s&rsquo;ouvre, tapez le chemin de votre espace web (remplacez <b>momo<\/b> par votre login), puis cliquez sur <b>Se connecter<\/b>\n<p><img decoding=\"async\" src=\"\/infodoc\/files\/img\/manips\/montage-macOSX-2.png\" alt=\"montage macOSX 2\" \\>\n<\/li>\n<li>un nouveau pop-up s&rsquo;ouvre pour vous demander votre mot de passe :\n<p><img decoding=\"async\" src=\"\/infodoc\/files\/img\/manips\/montage-macOSX-3.png\" alt=\"montage macOSX 3\" \\>\n<\/li>\n<li>une nouvelle fen\u00eatre Finder s&rsquo;ouvre, avec le contenu actuel de votre espace web. Vous pouvez le manipuler comme n&rsquo;importe quel autre contenu sur votre disque (ajouts, modifications, suppressions,\u2026) :\n<p><img decoding=\"async\" src=\"\/infodoc\/files\/img\/manips\/montage-macOSX-4.png\" alt=\"montage macOSX 4\" \\>\n<\/li>\n<li><b>Remarque<\/b> : si vous voulez manipuler ces contenus via des commandes Unix (emacs, etc.) dans un Terminal, le chemin dans le filesystem de votre Mac est :\n<pre>\r\n\/Volumes\/hp_files\/momo\/\r\n<\/pre>\n<p>(remplacez bien s\u00fbr <b>momo<\/b> par votre login)<\/p>\n<\/li>\n<\/ul>\n<\/li>\n<li><a name=\"8\"><\/a><b>sous Windows<\/b> :<br \/>\n<span style=\"color: red ; font-weight: bold ;\">Attention !!! ce volume a migr\u00e9 vers un nouveau NAS. Le bon chemin est maintenant : cifs:\/\/alcor.loria.fr\/hp_files\/<\/span><br \/>\n<br \/>\n<span style=\"color: blue ; font-weight: bold ;\"><a href=\"http:\/\/infodoc.loria.fr\/pages\/viewpage.action?pageId=3343734\" target=\"_blank\">voir sur notre serveur de documentation<\/a><\/span>.\n<\/li>\n<\/ul>\n<p><a name=\"9\"><\/a><b>Sous Linux<\/b> : <span style=\"color: blue ; font-weight: bold ;\"><a href=\"http:\/\/infodoc.loria.fr\/pages\/viewpage.action?pageId=3343734\" target=\"_blank\">voir sur notre serveur de documentation<\/a><\/span>.<\/p>\n<ul>\n<li>&#8230;<\/li>\n<\/ul>\n<h3><a name=\"5\"><\/a>Que mettre sur cet espace ?<\/h3>\n<p><b>attention ! <\/b>pour des raisons de s\u00e9curit\u00e9, le fonctionnement est maintenant diff\u00e9rent de l&rsquo;ancien serveur des pages professionnelles :<\/p>\n<ul>\n<li>mod_php5 n&rsquo;est pas activ\u00e9, tout comme les autres modules vous permettant d&rsquo;ex\u00e9cuter du code (PHP, Python, etc.)<\/li>\n<li>tous les fichiers textes avec des extensions autres que <b>.html<\/b> (exemple : .php, .pl, .py, .sh,&#8230;) sont maintenant reconnus comme du simple texte (text\/plain) : leur contenu est donc affich\u00e9 en clair !\n<ul>\n<li>ne recopiez donc pas brutalement le contenu de votre ancien r\u00e9pertoire, surtout s&rsquo;il contenait des installations de programmes du genre <i>pmwiki<\/i>, <i>dokuwiki<\/i>, <i>wordpress<\/i>,&#8230;) : leurs fichiers de configuration contiennent g\u00e9n\u00e9ralement des mots de passe en clair qui maintenant seraient visibles !<\/li>\n<li> <\/li>\n<\/ul>\n<\/li>\n<li>les seules extensions rendues par le serveur autrement qu&rsquo;en type text\/plain sont les pages HTML\/HTML5 (.html ou .html5) et les fichiers de m\u00e9dias : images (.png, .gif, .jpg,&#8230;), vid\u00e9os (.mp4, .mov,&#8230;), sons (.mp3, .aiff,&#8230;), donn\u00e9es formatt\u00e9es (.pdf, .docx, .zip, .gz, &#8230;)<\/li>\n<\/ul>\n<p>Vous pouvez donc construire sur cet espace un site web statique classique :<\/p>\n<ul>\n<li>soit en l&rsquo;\u00e9ditant \u00ab\u00a0\u00e0 la main\u00a0\u00bb (pour les inconditionnels d&rsquo;HTML et d&#8217;emacs&#8230;) : un simple \u00e9diteur de texte et une bonne connaissance du langage HTML et des normes du W3C peut donc vous suffire, mais les outils de gestion de contenus sont interdits.<\/li>\n<li>soit en utilisant un \u00e9diteur de pages web (iWeb,&#8230;) pour g\u00e9n\u00e9rer du code HTML valide :<\/li>\n<li>soit en installant localement sur votre machine personnelle un outil de gestion de contenus pour construire le site, puis d&rsquo;automatiser la g\u00e9n\u00e9ration d&rsquo;un site statique (utilisation d&rsquo;un \u00ab\u00a0aspirateur de site\u00a0\u00bb : wget, SiteSucker,&#8230;) et sa synchronisation vers l&rsquo;<i>espace web<\/i> (cron+rsync,&#8230;).<\/li>\n<li>soit enfin, comme le font d\u00e9j\u00e0 certains, en construisant un g\u00e9n\u00e9rateur de site qui poussera vers l&rsquo;<i>espace web<\/i> des pages compil\u00e9es \u00e0 partir de fichiers de contenus textes et de templates statiques (make,&#8230;)<\/li>\n<\/ul>\n<h3><a name=\"6\"><\/a>Puis-je construire tout mon site sur cet espace web ?<\/h3>\n<p>La structure mise en place r\u00e9sulte du souhait de nos directions d&rsquo;homog\u00e9n\u00e9iser les acc\u00e8s \u00e0 certaines ressources (publications du chercheur, CV, actualit\u00e9s du chercheur,&#8230;) par des URLs coh\u00e9rentes et un pr\u00e9sentation la plus unifi\u00e9e possible.<\/p>\n<p>Il n&rsquo;est donc pas souhaitable de \u00ab\u00a0shunter\u00a0\u00bb cette partie g\u00e9r\u00e9e par WordPress.<\/p>\n<p>Pour les plus r\u00e9ticents, il est cependant possible, via une demande sp\u00e9cifique (https:\/\/helpdesk.inria.fr\/), d&rsquo;obtenir une redirection qui masquera la partie WordPress en r\u00e9\u00e9crivant l&rsquo;URL http:\/\/members.loria.fr\/pseudo\/files\/ en http:\/\/members.loria.fr\/pseudo\/.<br \/>\nDans ce cas vous ne pourrez bien s\u00fbr plus profiter des facilit\u00e9s de gestion des publications pr\u00e9vues dans le mod\u00e8le WordPress.<\/p>\n","protected":false},"excerpt":{"rendered":"<p>Sommaire<\/p>\n<ul>\n<li><a href=\"#1\">Introduction<\/a><\/li>\n<li><a href=\"#2\">Principe<\/a><\/li>\n<li><a href=\"#3\">Fonctionnement<\/a><\/li>\n<li><a href=\"#4\">Acc\u00e8s<\/a>\n<ol>\n<li><a href=\"#7\">sous MacOS X<\/a><\/li>\n<li><a href=\"#8\">sous Windows<\/a><\/li>\n<li><a href=\"#9\">sous Linux<\/a><\/li>\n<\/ol>\n<\/li>\n<li><a href=\"#5\">Que mettre sur cet espace ?<\/a><\/li>\n<li><a href=\"#6\">Puis-je construire tout mon site sur cet espace web ?<\/a><\/li>\n<\/ul>\n<p><a name=\"1\"><\/a>Introduction<\/p>\n<p>Pour vous permettre une transition en douceur depuis l&rsquo;ancien syst\u00e8me des pages professionnelles, en place depuis 20 ans, nous avons \u00e9galement conserv\u00e9 le principe d&rsquo;une partition (\u00ab\u00a0<i>espace web<\/i>\u00ab\u00a0) servie par le seveur web et accessible en modification sur le r\u00e9seau interne du laboratoire.<\/p>\n","protected":false},"author":5,"featured_media":0,"parent":214,"menu_order":0,"comment_status":"closed","ping_status":"closed","template":"page-fullwidth.php","meta":{"footnotes":""},"class_list":["post-239","page","type-page","status-publish","hentry"],"_links":{"self":[{"href":"https:\/\/members.loria.fr\/infodoc\/wp-json\/wp\/v2\/pages\/239","targetHints":{"allow":["GET"]}}],"collection":[{"href":"https:\/\/members.loria.fr\/infodoc\/wp-json\/wp\/v2\/pages"}],"about":[{"href":"https:\/\/members.loria.fr\/infodoc\/wp-json\/wp\/v2\/types\/page"}],"author":[{"embeddable":true,"href":"https:\/\/members.loria.fr\/infodoc\/wp-json\/wp\/v2\/users\/5"}],"replies":[{"embeddable":true,"href":"https:\/\/members.loria.fr\/infodoc\/wp-json\/wp\/v2\/comments?post=239"}],"version-history":[{"count":41,"href":"https:\/\/members.loria.fr\/infodoc\/wp-json\/wp\/v2\/pages\/239\/revisions"}],"predecessor-version":[{"id":1309,"href":"https:\/\/members.loria.fr\/infodoc\/wp-json\/wp\/v2\/pages\/239\/revisions\/1309"}],"up":[{"embeddable":true,"href":"https:\/\/members.loria.fr\/infodoc\/wp-json\/wp\/v2\/pages\/214"}],"wp:attachment":[{"href":"https:\/\/members.loria.fr\/infodoc\/wp-json\/wp\/v2\/media?parent=239"}],"curies":[{"name":"wp","href":"https:\/\/api.w.org\/{rel}","templated":true}]}}