{"id":425,"date":"2015-08-10T17:42:04","date_gmt":"2015-08-10T15:42:04","guid":{"rendered":"http:\/\/members.loria.fr\/infodoc\/?page_id=425"},"modified":"2016-09-19T16:06:53","modified_gmt":"2016-09-19T14:06:53","slug":"tableaudebord","status":"publish","type":"page","link":"https:\/\/members.loria.fr\/infodoc\/manips\/tableaudebord\/","title":{"rendered":"Le tableau de bord de l&rsquo;administrateur"},"content":{"rendered":"<h2>Pr\u00e9sentation du tableau de bord de l&rsquo;interface d&rsquo;administration<\/h2>\n<h4>vue globale<\/h4>\n<p><\/p>\n<table  class=\" table table-hover\" border=\"0\" align=\"left\" width=\"100%\">\n<tr>\n<td style=\"border: 0; vertical-align: top ; text-align: left ; width:100% ;\">\n<img decoding=\"async\" src=\"\/infodoc\/files\/img\/tutoriel\/interface-administration-1.png\" alt=\"tableau de bord\" width=\"90%\" \/>\n  <\/td>\n<\/tr>\n<tr>\n<td>&nbsp;<\/td>\n<\/tr>\n<\/table>\n<h4>le Menu d&rsquo;administration principal (bandeau lat\u00e9ral de gauche)<\/h4>\n<h5>Vue globale<\/h5>\n<table  class=\" table table-hover\" border=\"0\" align=\"left\" width=\"100%\">\n<tr>\n<td style=\"border: 0; vertical-align: top ; text-align: left ; width:100% ;\">\n<img decoding=\"async\" src=\"\/infodoc\/files\/img\/tutoriel\/interface-administration-2.png\" alt=\"tableau de bord\" width=\"90%\" \/>\n  <\/td>\n<\/tr>\n<tr>\n<td>&nbsp;<\/td>\n<\/tr>\n<\/table>\n<h5>Vue d\u00e9taill\u00e9e<\/h5>\n<table  class=\" table table-hover\" border=\"0\" align=\"left\" width=\"100%\">\n<tr>\n<td style=\"border: 0; vertical-align: top ; text-align: left ; width:20% ;\">\n<img decoding=\"async\" src=\"\/infodoc\/files\/img\/tutoriel\/menu-principal-1.png\" alt=\"menu d'administration principal\" width=\"140px\" height=\"500px\" \/>\n  <\/td>\n<td style=\"border: 0; vertical-align: top ; text-align: left ; width:70% ;\">\n<ul>\n<li><b>Articles<\/b> : pour lister, modifier, ajouter, supprimer des <b>Articles<\/b><\/li>\n<li><b>Medias<\/b> : pour lister, modifier, ajouter, supprimer des <b>M\u00e9dias<\/b><\/li>\n<li><b>Pages<\/b> : pour lister, modifier, ajouter, supprimer des <b>Pages<\/b><\/li>\n<li><b>Text Blocks<\/b> : pour lister, modifier, ajouter, supprimer des <b>Text Blocks<\/b><\/li>\n<li><b>Contact<\/b> :  pour lister, modifier, ajouter, supprimer des <b>formulaires<\/b><\/li>\n<li><b>Apparence<\/b> : pour personnaliser votre <b>Th\u00e8me<\/b>, g\u00e9rer vos <b>Menus<\/b>,&#8230;<\/li>\n<li><b>Extensions<\/b> : le <b>super-administrateur<\/b> s&rsquo;en charge pour vous !<\/li>\n<li><b>Utilisateurs<\/b> : donnez un r\u00f4le \u00e0 un autre utilisateur enregistr\u00e9 sur notre r\u00e9seau<\/li>\n<li><b>Outils<\/b> : pour importer\/exporter vos donn\u00e9es<\/li>\n<li><b>R\u00e9glages<\/b> : pour r\u00e9gler des propri\u00e9t\u00e9s de base de votre site<\/li>\n<li><b>tp Course<\/b> : r\u00e9glages de l&rsquo;extension TeachPress<\/li>\n<li><b>tp Publications<\/b> : r\u00e9glages de l&rsquo;extension TeachPress<\/li>\n<li><b>WP Google Maps<\/b> : pour cr\u00e9er\/g\u00e9rer ses cartes Google Maps<\/li>\n<li><span style=\"color: red ;\">et enfin, tout en bas du menu, une petite fl\u00e8che <i>vers la gauche<\/i> pour vous permettre de r\u00e9duire la largeur du menu. <b>Attention :<\/b> si la largeur de fen\u00eatre de votre navigateur est peu importante (par exemple sur un smartphone ou sur une tablette), le r\u00e9glage est invers\u00e9 : le menu apparait au d\u00e9part en faible largeur, et la petite fl\u00e8che <i>vers la droite<\/i> vous invite \u00e0 l&rsquo;\u00e9largir<\/span> (<i>image de droite<\/i>).<\/li>\n<\/ul>\n<\/td>\n<td style=\"border: 0; vertical-align: top ; text-align: right ; width:10% ;\">\n  <img decoding=\"async\" src=\"\/infodoc\/files\/img\/tutoriel\/menu-principal-2.png\" alt=\"menu d'administration principal\" width=\"30px\" height=\"500px\" \/>\n  <\/td>\n<\/tr>\n<tr>\n<td>&nbsp;<\/td>\n<\/tr>\n<\/table>\n<h4>le Menu d&rsquo;administration secondaire (bandeau du haut)<\/h4>\n<p><\/p>\n<table  class=\" table table-hover\" border=\"0\" align=\"left\" width=\"100%\">\n<tr>\n<td style=\"border: 0; vertical-align: top ; text-align: left ; width:100% ;\">\n<img decoding=\"async\" src=\"\/infodoc\/files\/img\/tutoriel\/menu-secondaire-1.png\" alt=\"menu d'administration secondaire\" width=\"85%\" \/>\n  <\/td>\n<\/tr>\n<tr>\n<td>&nbsp;<\/td>\n<\/tr>\n<\/table>\n<h5>il se subdivise en 2 parties<\/h5>\n<p><\/p>\n<h6>\u00e0 gauche :<\/h6>\n<table  class=\" table table-hover\" border=\"0\" align=\"left\" width=\"100%\">\n<tr>\n<td style=\"border: 0; vertical-align: top ; text-align: left ; width:50% ;\">\n  <img decoding=\"async\" src=\"\/infodoc\/files\/img\/tutoriel\/menu-secondaire-4.png\" alt=\"menu d'administration secondaire gauche\" \/><\/p>\n<p>\n  <\/td>\n<td style=\"border: 0; vertical-align: top ; text-align: left ; width:50% ;\">\n<ul>\n<li>le sous-menu <b>Mes sites<\/b> vous affiche la liste des sites du r\u00e9seau que vous administrez<\/li>\n<li>le sous-menu <b>Le site de&#8230;<\/b> vous permet de switcher entre l&rsquo;affichage du site et l&rsquo;affichage du tableau de bord<\/li>\n<li>le sous-menu <b>+Cr\u00e9er<\/b> vous permet d&rsquo;ajouter directement un nouveau contenu\n<p><\/li>\n<\/ul>\n<\/td>\n<\/tr>\n<tr>\n<td>&nbsp;<\/td>\n<\/tr>\n<\/table>\n<h6>\u00e0 droite :<\/h6>\n<table  class=\" table table-hover\" border=\"0\" align=\"left\" width=\"100%\">\n<tr>\n<td style=\"border: 0; vertical-align: top ; text-align: left ; width:50% ;\">\n  <img decoding=\"async\" src=\"\/infodoc\/files\/img\/tutoriel\/menu-secondaire-3.png\" alt=\"menu d'administration secondaire droit\" \/>\n  <\/td>\n<td style=\"border: 0; vertical-align: top ; text-align: left ; width:50% ;\">\n<ul>\n<li>les 2 boutons <b>identifiant<\/b> et <b>Modifier mon profil<\/b> sont \u00e9quivalents : ils redirigent vers la page qui vous permet de rentrer vos informations personnelles pour la gestion du site.<\/li>\n<li><b>attention :<\/b> le bouton <b>Se d\u00e9connecter<\/b> vous d\u00e9connecte du <b>CAS<\/b> ! Pensez-y si vous avez d&rsquo;autres applications connect\u00e9es en cours sur le m\u00eame navigateur ! <\/li>\n<\/ul>\n<\/td>\n<\/tr>\n<tr>\n<td>&nbsp;<\/td>\n<\/tr>\n<\/table>\n","protected":false},"excerpt":{"rendered":"<p>Pr\u00e9sentation du tableau de bord de l&rsquo;interface d&rsquo;administration<br \/>\nvue globale<\/p>\n<p><img decoding=\"async\" src=\"\/infodoc\/files\/img\/tutoriel\/interface-administration-1.png\" alt=\"tableau de bord\" width=\"90%\" \/><\/p>\n<p>&nbsp;<\/p>\n<p>le Menu d&rsquo;administration principal (bandeau lat\u00e9ral de gauche)<br \/>\nVue globale<\/p>\n<p><img decoding=\"async\" src=\"\/infodoc\/files\/img\/tutoriel\/interface-administration-2.png\" alt=\"tableau de bord\" width=\"90%\" \/><\/p>\n<p>&nbsp;<\/p>\n<p>Vue d\u00e9taill\u00e9e<\/p>\n<p><img decoding=\"async\" src=\"\/infodoc\/files\/img\/tutoriel\/menu-principal-1.png\" alt=\"menu d'administration principal\" width=\"140px\" height=\"500px\" \/><\/p>\n<ul>\n<li>Articles : pour lister, modifier, ajouter, supprimer des Articles<\/li>\n<li>Medias : pour lister, modifier, ajouter, supprimer des M\u00e9dias<\/li>\n<li>Pages : pour lister, modifier, ajouter, supprimer des Pages<\/li>\n<li>Text Blocks : pour lister, modifier, ajouter, supprimer des Text Blocks<\/li>\n<li>Contact :  pour lister, modifier, ajouter, supprimer des formulaires<\/li>\n<li>Apparence : pour personnaliser votre Th\u00e8me, g\u00e9rer vos Menus,&#8230;<\/li>\n<li>Extensions : le super-administrateur s&rsquo;en charge pour vous !<\/li>\n<\/ul>\n","protected":false},"author":5,"featured_media":0,"parent":214,"menu_order":0,"comment_status":"closed","ping_status":"closed","template":"page-fullwidth.php","meta":{"footnotes":""},"class_list":["post-425","page","type-page","status-publish","hentry"],"_links":{"self":[{"href":"https:\/\/members.loria.fr\/infodoc\/wp-json\/wp\/v2\/pages\/425","targetHints":{"allow":["GET"]}}],"collection":[{"href":"https:\/\/members.loria.fr\/infodoc\/wp-json\/wp\/v2\/pages"}],"about":[{"href":"https:\/\/members.loria.fr\/infodoc\/wp-json\/wp\/v2\/types\/page"}],"author":[{"embeddable":true,"href":"https:\/\/members.loria.fr\/infodoc\/wp-json\/wp\/v2\/users\/5"}],"replies":[{"embeddable":true,"href":"https:\/\/members.loria.fr\/infodoc\/wp-json\/wp\/v2\/comments?post=425"}],"version-history":[{"count":21,"href":"https:\/\/members.loria.fr\/infodoc\/wp-json\/wp\/v2\/pages\/425\/revisions"}],"predecessor-version":[{"id":1307,"href":"https:\/\/members.loria.fr\/infodoc\/wp-json\/wp\/v2\/pages\/425\/revisions\/1307"}],"up":[{"embeddable":true,"href":"https:\/\/members.loria.fr\/infodoc\/wp-json\/wp\/v2\/pages\/214"}],"wp:attachment":[{"href":"https:\/\/members.loria.fr\/infodoc\/wp-json\/wp\/v2\/media?parent=425"}],"curies":[{"name":"wp","href":"https:\/\/api.w.org\/{rel}","templated":true}]}}