{"id":509,"date":"2015-08-13T19:19:23","date_gmt":"2015-08-13T17:19:23","guid":{"rendered":"http:\/\/members.loria.fr\/infodoc\/?page_id=509"},"modified":"2017-10-20T11:44:28","modified_gmt":"2017-10-20T09:44:28","slug":"lecon4","status":"publish","type":"page","link":"https:\/\/members.loria.fr\/infodoc\/tutoriel\/lecon4\/","title":{"rendered":"Le\u00e7on4 : comment g\u00e9rer ses publications"},"content":{"rendered":"<h2>Sommaire<\/h2>\n<ul>\n<li><a href=\"#1\">Introduction<\/a><\/li>\n<li><a href=\"#2\">Choisir son syst\u00e8me de gestion de publications<\/a><\/li>\n<li><a href=\"#3\">HAL\/Inria<\/a>\n<ul>\n<li><a href=\"#6\">afficher ses publications<\/a><\/li>\n<li><a href=\"#8\">modifier la pr\u00e9sentation<\/a><\/li>\n<li><a href=\"#7\">afficher la liste des membres de son \u00e9quipe<\/a><\/li>\n<\/ul>\n<\/li>\n<li><a href=\"#4\">Papercite<\/a><\/li>\n<\/ul>\n<p>L&rsquo;extension Teachpress avait \u00e9galement \u00e9t\u00e9 install\u00e9e dans un premier temps. Elle nous cause cependant de gros soucis actuellement, et nous la supprimerons d\u00e8s que tous les utilisateurs auront supprim\u00e9 leurs donn\u00e9es g\u00e9r\u00e9es avec ce plugin. Merci donc d&rsquo;utiliser l&rsquo;extension HAL en d\u00e9clarant toutes vose publications dans ce service commun, ou l&rsquo;extension Papercite si vous pr\u00e9f\u00e9rez mettre en forme un fichier BibTeX.<\/p>\n<h3><a name=\"1\"><\/a>Introduction<\/h3>\n<p>Une autre \u00e9l\u00e9ment essentiel des pages professionnelles pour la plupart d&rsquo;entre vous est la liste de vos publications.<br \/>\nIl n&rsquo;est pas tr\u00e8s opportun, vu les outils et les r\u00e9f\u00e9rentiels de publication dont nous disposons, de g\u00e9rer ce genre de liste \u00ab\u00a0\u00e0 la main\u00a0\u00bb.<br \/>\nSelon votre statut, vos domaines de recherche ou votre organisme de tutelle, vous d\u00e9posez peut-\u00eatre votre production d&rsquo;articles dans des archives diff\u00e9rentes. Nous vous proposons 2 fa\u00e7ons de g\u00e9n\u00e9rer et maintenir \u00e0 jour automatiquement la liste de vos publications.<\/p>\n<p>Si cette page ne vous concerne pas, vous pouvez bien s\u00fbr la supprimer dans le mod\u00e8le fourni ou la renommer pour un autre usage.<\/p>\n<h3><a name=\"2\"><\/a>Choisir son syst\u00e8me de gestion de publications<\/h3>\n<ul>\n<li><b>l&rsquo;extension HAL\/Inria<\/b><br \/>\nL&rsquo;option HAL a \u00e9t\u00e9 int\u00e9gr\u00e9e \u00e0 l&rsquo;extension <b>Inria plugin<\/b> d\u00e9velopp\u00e9e sp\u00e9cifiquement par la DSI d&rsquo;Inria pour fournir quelques outils pour les sites d&rsquo;\u00e9quipes\/projets Inria et y ins\u00e9rer des donn\u00e9es du SI Inria (raweb, HAL-Inria, bastri,&#8230;).<br \/>\nPour utiliser la partie HAL, il suffit d&rsquo;ench\u00e2sser une requ\u00eate \u00e0 haltools.inrialpes.fr entre les balises &#91;HAL&#93; et &#91;\/HAL&#93;. Le code g\u00e9n\u00e9r\u00e9 peut ainsi \u00eatre affich\u00e9 dans n&rsquo;importe quelle page ou article WordPress.<br \/>\nEn adaptant la requ\u00e8te, on peut tr\u00e8s bien limiter son champ aux publications personnelles d&rsquo;un chercheur.<br \/>\nCette extension est donc parfaitement adapt\u00e9e si vos publications dans HAL sont \u00e0 jour.<\/p>\n<p><b>Inria plugin<\/b> fournit \u00e9galement d&rsquo;autres balises utilisables de la m\u00eame fa\u00e7on pour int\u00e9grer d&rsquo;autres donn\u00e9es du SI Inria (liste des membres de l&rsquo;\u00e9quipe avec le shortcode&#91;MEMBERS&#93; et description des activit\u00e9s de l&rsquo;\u00e9quipe extraites du raweb par exemple).\n<\/li>\n<li><b>l&rsquo;extension PaperCite<\/b><br \/>\nElle g\u00e8re la mise en forme dans WordPress d&rsquo;un fichier BibTex que vous pouvez stocker et modifier soit en tant que <b>M\u00e9dia<\/b> dans WordPress, soit en tant que simple fichier d\u00e9pos\u00e9 sur votre espace web. Cette derni\u00e8re solution est la plus flexible, elle vous permettra en particulier de g\u00e9n\u00e9rer ce fichier automatiquement si vous avez l&rsquo;habitude de manipuler vos publications de cette fa\u00e7on.\n<\/li>\n<\/ul>\n<h3><a name=\"3\"><\/a>HAL\/Inria<\/h3>\n<p>Ce plugin est utilisable dans une <a href=\"\/infodoc\/faq\/faq1\/#14\"><b>Page<\/b><\/a> ou un <a href=\"\/infodoc\/faq\/faq1\/#15\"><b>Article<\/b><\/a> pour y ins\u00e9rer et y formater dynamiquement une requ\u00eate au serveur haltools.<\/p>\n<h4><a name=\"6\"><\/a>afficher ses publications<\/h4>\n<ul>\n<li>vous devez d&rsquo;abord \u00ab\u00a0fabriquer\u00a0\u00bb votre URL de requ\u00eate HAL sur le site https:\/\/haltools.inria.fr\/ :\n<ul>\n<li>sur la page \u00ab\u00a0Outils sur les publicationsde HAL\u00a0\u00bb, cliquez sur l&rsquo;onglet \u00ab\u00a0Cr\u00e9er sa page web\u00a0\u00bb<\/li>\n<li>saisissez vos crit\u00e8res de s\u00e9lection dans le formulaire, puis cliquez sur <b>Rechercher<\/b><\/li>\n<li>dans le bloc de droite, les r\u00e9sultats de la recherche s&rsquo;affichent\n<div class=\"encadre\">\n<img decoding=\"async\" src=\"\/infodoc\/files\/img\/tutoriel\/halinria-01.png\" alt=\"publications hal-inria 1\" \/>\n<\/div>\n<\/li>\n<li>v\u00e9rifiez que vos crit\u00e8res sont suffisamment discriminants<\/li>\n<li>ajoutez des options d&rsquo;affichage et de formatage pour obtenir le r\u00e9sultat d\u00e9sir\u00e9 :\n<div class=\"encadre\">\n<img decoding=\"async\" src=\"\/infodoc\/files\/img\/tutoriel\/halinria-02.png\" alt=\"publications hal-inria 2\" \/>\n<\/div>\n<\/li>\n<li>puis cliquez sur <b>Afficher<\/b> :\n<div class=\"encadre\">\n<img decoding=\"async\" src=\"\/infodoc\/files\/img\/tutoriel\/halinria-03.png\" alt=\"publications hal-inria 3\" \/>\n<\/div>\n<\/li>\n<li>cliquez, tout en haut de ce bloc <b>Affichage des r\u00e9sultats format\u00e9s<\/b>, sur lURL qui apparait en rouge, et recopiez l&rsquo;URL du r\u00e9sultat (dans la barre d&rsquo;URL de votre navigateur) :\n<div class=\"encadrel\">\n<span style=\"color: red;\">https:\/\/haltools.inria.fr\/Public\/afficheRequetePubli.php?auteur_exp=Jean-Yves+Marion&#038;annee_publideb=2010&#038;annee_publifin=2015&#038;CB_auteur=oui&#038;CB_titre=oui&#038;CB_article=oui&#038;CB_DOI=oui&#038;CB_typdoc=oui&#038;langue=Anglais&#038;tri_exp=annee_publi&#038;tri_exp2=typdoc&#038;tri_exp3=date_publi&#038;ordre_aff=TA&#038;Fen=Aff&#038;css=..\/css\/VisuRubriqueEncadre.css<\/span><\/div>\n<\/li>\n<\/ul>\n<\/li>\n<li><i>si vous souhaitez construire des requ\u00eates plus cibl\u00e9es, vous trouverez une documentation plus compl\u00e8te \u00e0 cette adresse : https:\/\/iww.inria.fr\/hal\/aide\/spip.php?article337&#038;lang=fr<\/i><\/li>\n<li>revenez maintenant \u00e0 la page <b>Publications<\/b> de votre site WordPress<\/li>\n<li>pour que les r\u00e9sultats de la requ\u00eate HAL que vous venez de fabriquer s&rsquo;affichent dans la page, il suffit de coller dans la page l&rsquo;URL que vous aviez r\u00e9cup\u00e9r\u00e9e, en l&rsquo;encadrant par les balises &#91;HAL&#93; et &#91;\/HAL&#93; :\n<div class=\"encadrel\">\n&#91;HAL&#93;https:\/\/haltools.inria.fr\/Public\/afficheRequetePubli.php?auteur_exp=Jean-Yves+Marion&#038;annee_publideb=2010&#038;annee_publifin=2015&#038;CB_auteur=oui&#038;CB_titre=oui&#038;CB_article=oui&#038;CB_DOI=oui&#038;CB_typdoc=oui&#038;langue=Anglais&#038;tri_exp=annee_publi&#038;tri_exp2=typdoc&#038;tri_exp3=date_publi&#038;ordre_aff=TA&#038;Fen=Aff&#038;css=..\/css\/VisuRubriqueEncadre.css&#038;#91\/HAL&#93;\n<\/div>\n<\/li>\n<li>ce qui affiche le r\u00e9sultat suivant :\n<p>&nbsp;<\/p>\n<div class=\"encadrel\">\n<img decoding=\"async\" src=\"\/infodoc\/files\/img\/tutoriel\/hal-03.png\" alt=\"r\u00e9sultat requ\u00eate publications\" \/><\/div>\n<\/li>\n<li>vous trouverez d&rsquo;autres exemples sur le <a href=\"https:\/\/wiki.inria.fr\/support\/Ins\u00e9rer_des_publications_HAL_dans_un_site_Wordpress\" target=\"_blank\">wiki de Inria<\/a><\/li>\n<\/ul>\n<h4><a name=\"8\"><\/a>modifier la pr\u00e9sentation<\/h4>\n<ul>\n<li>\n<\/li>\n<\/ul>\n<h4><a name=\"7\"><\/a>afficher la liste des membres de son \u00e9quipe<\/h4>\n<ul>\n<li>voir sur le <a href=\"https:\/\/wiki.inria.fr\/support\/Ajouter_les_informations_des_membres_d%27une_\u00e9quipe_sur_un_site_Wordpress\" target=\"_blank\">wiki Inria<\/a><\/li>\n<li>si le Raweb de l&rsquo;ann\u00e9e (n-1) a \u00e9t\u00e9 correctement renseign\u00e9 pour votre \u00e9quipe, vous pouvez de la m\u00eame mani\u00e8re en extraire la liste des membres, en ins\u00e9rant le nom de l&rsquo;\u00e9quipe (respecter la casse, voir les noms valides sur le site) entre les balises &#91;MEMBERS&#93; et &#91;\/MEMBERS&#93;.<\/li>\n<\/ul>\n<p>&nbsp;<\/p>\n<h3><a name=\"4\"><\/a>Papercite<\/h3>\n<p>Pour ceux qui pr\u00e9f\u00e8rent g\u00e9rer eux-m\u00eames un fichier BibTex (par exemple en l&rsquo;extrayant automatiquement d&rsquo;une archive par un script en cron), nous mettons \u00e0 votre disposition l&rsquo;extension <a href=\"https:\/\/wordpress.org\/plugins\/papercite\/\"><b><i>Papercite<\/i><\/b><\/a> pour le mettre en forme sur vos pages wordPress.<\/p>\n<ul>\n<li>voir : <a href=\"https:\/\/wordpress.org\/plugins\/papercite\/\">WordPress documentation<\/a><\/li>\n<li>voir aussi : <a href=\"http:\/\/www.bpiwowar.net\/wp-content\/plugins\/papercite\/documentation\/\">Papercite documentation<\/a><\/li>\n<li>pour exporter le fichier BibTex depuis haltools : https:\/\/haltools.inria.fr\/?action=exportXML&#038;lang=fr<\/li>\n<li>cas du d\u00e9p\u00f4t du fichier BibTex sur l&rsquo;espace web :\n<ul>\n<li>montez l&rsquo;espace web sur votre station de travail (voir <a href=\"\/infodoc\/tutoriel\/lecon7\/\">Le\u00e7on7<\/a><\/li>\n<li>cr\u00e9ez un r\u00e9pertoire d\u00e9di\u00e9 \u00e0 vos fichiers BibTeX (vous pourrez aussi y d\u00e9poser tous les \u00e9l\u00e9ments li\u00e9s \u00e0 vos publications : fichiers PDF, images, vignettes,&#8230;) : nommons le par exemple \u00ab\u00a0bibtex\u00a0\u00bb. Depuis une page du site wordpress https:\/\/members.loria.fr\/MonPseudo\/, il sera donc accessible par le chemin : \/MonPseudo\/files\/bibtex\/<\/li>\n<li>organisez une sous-arborescence de la fa\u00e7on suivante :\n<ul>\n<li>bib : contient vos fichiers bibtex<\/li>\n<li>pdf : contient les fichiers pdf<\/li>\n<li>tpl : contient vos templates personnalis\u00e9s<\/li>\n<li>format : contains vos formats d&rsquo;entr\u00e9e personnalis\u00e9s<\/li>\n<\/ul>\n<\/li>\n<li>voir la <a href=\"\/infodoc\/wp-content\/plugins\/papercite\/documentation\/index.html\">documentation<\/a> pour les d\u00e9pendances de nommage des diff\u00e9rents \u00e9l\u00e9ments<\/li>\n<\/ul>\n<\/li>\n<\/ul>\n<p>&nbsp;<\/p>\n<\/p>\n<div class=\"vert-align\"><img decoding=\"async\" src=\"\/infodoc\/files\/img\/tutoriel\/fleche-droite-1.png\" alt=\"fleche\" \/><a href=\"\/infodoc\/tutoriel\/lecon5\/\">Passer \u00e0 la Le\u00e7on5<\/a><\/div>\n<p><\/p>\n","protected":false},"excerpt":{"rendered":"<p>Sommaire<\/p>\n<ul>\n<li><a href=\"#1\">Introduction<\/a><\/li>\n<li><a href=\"#2\">Choisir son syst\u00e8me de gestion de publications<\/a><\/li>\n<li><a href=\"#3\">HAL\/Inria<\/a>\n<ul>\n<li><a href=\"#6\">afficher ses publications<\/a><\/li>\n<li><a href=\"#8\">modifier la pr\u00e9sentation<\/a><\/li>\n<li><a href=\"#7\">afficher la liste des membres de son \u00e9quipe<\/a><\/li>\n<\/ul>\n<\/li>\n<li><a href=\"#4\">Papercite<\/a><\/li>\n<\/ul>\n<p>L&rsquo;extension Teachpress avait \u00e9galement \u00e9t\u00e9 install\u00e9e dans un premier temps. Elle nous cause cependant de gros soucis actuellement, et nous la supprimerons d\u00e8s que tous les utilisateurs auront supprim\u00e9 leurs donn\u00e9es g\u00e9r\u00e9es avec ce plugin. Merci donc d&rsquo;utiliser l&rsquo;extension HAL en d\u00e9clarant toutes vose publications dans ce service commun,<\/p>\n","protected":false},"author":5,"featured_media":0,"parent":22,"menu_order":0,"comment_status":"closed","ping_status":"closed","template":"page-fullwidth.php","meta":{"footnotes":""},"class_list":["post-509","page","type-page","status-publish","hentry"],"_links":{"self":[{"href":"https:\/\/members.loria.fr\/infodoc\/wp-json\/wp\/v2\/pages\/509","targetHints":{"allow":["GET"]}}],"collection":[{"href":"https:\/\/members.loria.fr\/infodoc\/wp-json\/wp\/v2\/pages"}],"about":[{"href":"https:\/\/members.loria.fr\/infodoc\/wp-json\/wp\/v2\/types\/page"}],"author":[{"embeddable":true,"href":"https:\/\/members.loria.fr\/infodoc\/wp-json\/wp\/v2\/users\/5"}],"replies":[{"embeddable":true,"href":"https:\/\/members.loria.fr\/infodoc\/wp-json\/wp\/v2\/comments?post=509"}],"version-history":[{"count":61,"href":"https:\/\/members.loria.fr\/infodoc\/wp-json\/wp\/v2\/pages\/509\/revisions"}],"predecessor-version":[{"id":1848,"href":"https:\/\/members.loria.fr\/infodoc\/wp-json\/wp\/v2\/pages\/509\/revisions\/1848"}],"up":[{"embeddable":true,"href":"https:\/\/members.loria.fr\/infodoc\/wp-json\/wp\/v2\/pages\/22"}],"wp:attachment":[{"href":"https:\/\/members.loria.fr\/infodoc\/wp-json\/wp\/v2\/media?parent=509"}],"curies":[{"name":"wp","href":"https:\/\/api.w.org\/{rel}","templated":true}]}}