{"id":53,"date":"2015-06-16T13:23:29","date_gmt":"2015-06-16T11:23:29","guid":{"rendered":"http:\/\/members.loria.fr\/thierrygartiser\/?page_id=53"},"modified":"2016-07-13T09:32:37","modified_gmt":"2016-07-13T07:32:37","slug":"faq1","status":"publish","type":"page","link":"https:\/\/members.loria.fr\/infodoc\/faq\/faq1\/","title":{"rendered":"FAQ 1 : d\u00e9finitions"},"content":{"rendered":"<h3>Questions :<\/h3>\n<ol>\n<li><a href=\"#1\">quel est l&rsquo;outil de gestion de contenu utilis\u00e9 sur ce nouveau site ?<\/a><\/li>\n<li><a href=\"#2\">\u00e0 quoi correspondent les \u00e9l\u00e9ments qui apparaissent dans mon tableau de bord wordpress ?<\/a><\/li>\n<li><a href=\"#10\">qu&rsquo;est-ce qu&rsquo;un <i>contenu<\/i> ?<\/a><\/li>\n<li><a href=\"#11\">qu&rsquo;est-ce qu&rsquo;un <i>contenant<\/i> ?<\/a><\/li>\n<li><a href=\"#3\">quels <b>Contenants<\/b> (ou <i>formats de contenus<\/i>) puis-je manipuler avec WordPress ?<\/a>\n<ul>\n<li>la <a href=\"#14\"><i>Page<\/i><\/a><\/li>\n<li>l&rsquo;<a href=\"#15\"><i>Article<\/i><\/a><\/li>\n<li>la <a href=\"#16\"><i>M\u00e9dia<\/i><\/a><\/li>\n<li>la <a href=\"#17\"><i>Commentaire<\/i><\/a><\/li>\n<\/ul>\n<\/li>\n<li><a href=\"#4\">qu&rsquo;est-ce qu&rsquo;un <i>th\u00e8me<\/i> ?<\/a><\/li>\n<li><a href=\"#5\">qu&rsquo;est-ce qu&rsquo;un <i>template<\/i> ?<\/a><\/li>\n<li><a href=\"#6\">qu&rsquo;est-ce qu&rsquo;une <i>feuille de style<\/i> (ou CSS) ?<\/a><\/li>\n<li><a href=\"#7\">qu&rsquo;est-ce qu&rsquo;un <i>slot<\/i> ?<\/a><\/li>\n<li><a href=\"#8\">qu&rsquo;est-ce qu&rsquo;un <i>widget<\/i> ?<\/a><\/li>\n<li><a href=\"#18\">qu&rsquo;est-ce qu&rsquo;une <i>extension<\/i> (ou plugin) de WordPress ?<\/a><\/li>\n<li><a href=\"#9\">qu&rsquo;est-ce qu&rsquo;un <i>shortcode<\/i> ?<\/a><\/li>\n<li><a href=\"#12\">qu&rsquo;est-ce qu&rsquo;un <i>blog<\/i> ?<\/a><\/li>\n<li><a href=\"#13\">qu&rsquo;est-ce qu&rsquo;une <i>cat\u00e9gorie<\/i> ?<\/a><\/li>\n<li><a href=\"#14\">qu&rsquo;est-ce qu&rsquo;un <i>tag<\/i> ?<\/a><\/li>\n<\/ol>\n<h3>R\u00e9ponses :<\/h3>\n<ol>\n<li class=\"faqsep\"><a name=\"1\"><\/a><span class=\"faqreponse\">quel est l&rsquo;outil de gestion de contenu utilis\u00e9 sur ce nouveau site<\/span> :\n<ul>\n<li>l&rsquo;outil est <b>WordPress<\/b><\/li>\n<li>c&rsquo;est un <a href=\"https:\/\/fr.wikipedia.org\/wiki\/Syst%C3%A8me_de_gestion_de_contenu\">CMS<\/a>, qui vous permet de g\u00e9rer des contenus (des \u00ab\u00a0pages web\u00a0\u00bb) depuis n&rsquo;importe o\u00f9, du moment que vous avez un acc\u00e8s internet, gr\u00e2ce \u00e0 une interface d&rsquo;administration \u00e0 laquelle vous acc\u00e9dez avec votre authentification classique.<\/li>\n<li>vous ne saisissez que la partie <i>utile<\/i> de la page (le <i>corps de page<\/i>), c&rsquo;est l&rsquo;outil qui mettra en forme, ajoutera les menus ou assurera diverses t\u00e2ches d&rsquo;administration.<\/li>\n<li>il est install\u00e9 avec une option sp\u00e9cifique dite <i>multi-utilisateurs<\/i> ou <i><b>WordPress MU<\/b><\/i> (on parle aussi de <i>WordPress multi-sites<\/i>) :\n<ul>\n<li>un <b>super-administrateur<\/b> cr\u00e9e les nouveaux sites et donne un r\u00f4le d&rsquo;<b>administrateur<\/b> \u00e0 son propri\u00e9taire. Il associe au site un certain nombres d&rsquo;\u00e9l\u00e9ments (th\u00e8mes, extensions) que l&rsquo;<b>administrateur<\/b> pourra manipuler.<\/li>\n<li>l&rsquo;<b>administrateur<\/b> (vous) peut ajouter et modifier des contenus, intervenir sur des r\u00e9glages de th\u00e8mes ou d&rsquo;extensions, mais ne peut pas ajouter de nouveau th\u00e8me ou d&rsquo;extension (en cas de besoin, il pourra faire une demande au <b>super-administrateur<\/b>)<\/li>\n<\/ul>\n<\/li>\n<li><b>WordPress<\/b> permet \u00e0 chaque <b>administrateur<\/b> de site de modifier directement ses contenus via une interface d&rsquo;administration accessible en mode connect\u00e9 (authentification CAS). Vous pouvez donc mettre \u00e0 jour votre site depuis n&rsquo;importe quelle connexion Internet.<\/li>\n<li>la particularit\u00e9 de notre installation est qu&rsquo;elle permet aussi l&rsquo;acc\u00e8s \u00e0 un espace <i>statique<\/i><\/li>\n<\/ul>\n<\/li>\n<li class=\"faqsep\"><a name=\"2\"><\/a><span class=\"faqreponse\">\u00e0 quoi correspondent les \u00e9l\u00e9ments qui apparaissent dans mon tableau de bord wordpress<\/span> :\n<ul>\n<li>il y a plusieurs familles d&rsquo;\u00e9l\u00e9ments repr\u00e9sent\u00e9es dans le menu d&rsquo;administration :\n<ul>\n<li>les <b>Contenants<\/b> : ce sont les formats de donn\u00e9es (ou <i>contenus<\/i>) que vous allez saisir pour construire votre site. Il y a plusieurs fa\u00e7ons de structurer un contenu ou d&rsquo;y donner acc\u00e8s. Chaque <b>Contenant<\/b> correspond \u00e0 un besoin sp\u00e9cifique, il faut bien les diff\u00e9rencier (voir leurs d\u00e9finitions plus loin) avant de s\u00e9lectionner celui qui va correspondre au contenu \u00e0 saisir : <b>Articles<\/b>, <b>Pages<\/b>, <b>M\u00e9dias<\/b> (les 3 <b>Contenants<\/b> par d\u00e9faut de wordpress), mais aussi les <b>Menus<\/b> (dans Apparence > Menus), et les autres formats d\u00e9finis par des extensions comme <b>Text Blocks<\/b>, <b>Formulaires<\/b> (dans Contact), qui sont rendus accessibles par des <b>shortcodes<\/b> dans les contenants principaux.<\/li>\n<li>les <b>Th\u00e8mes<\/b> (accessibles dans Apparence) : le th\u00e8me (parfois appel\u00e9 <i>skin<\/i>) d\u00e9finit l&rsquo;apparence de votre site \u00e0 l&rsquo;aide de templates (programmes qui g\u00e9n\u00e8rent le code de votre page web) et de feuilles de style (CSS) qui impl\u00e9mentent les d\u00e9finitions de style du template. Par d\u00e9faut seuls les th\u00e8mes valid\u00e9s par le <b>super-admin<\/b> sont accessibles. Ce sont des th\u00e8mes modifi\u00e9s et adapt\u00e9s, qui vous autorisent cependant certains r\u00e9glages (via l&rsquo;option Apparence du menu)<\/li>\n<li>les <b>Extensions<\/b> : aussi appel\u00e9es <i>plugins<\/i> dans les versions anglaises, les extensions ajoutent des possibilit\u00e9s ou des formats de contenus \u00e0 votre interface<\/li>\n<\/ul>\n<\/li>\n<\/ul>\n<\/li>\n<li class=\"faqsep\"><a name=\"10\"><\/a><span class=\"faqreponse\">qu&rsquo;est-ce qu&rsquo;un <b>contenu<\/b><\/span> :\n<ul>\n<li>on appelle <b><i>contenu<\/i><\/b> les donn\u00e9es qu&rsquo;un r\u00e9dacteur saisit dans l&rsquo;interface d&rsquo;administration, qui seront enregistr\u00e9es dans la base de donn\u00e9es et qui seront restitu\u00e9es dans un <a href=\"#11\"><b>contenant<\/b><\/a> de la page par l&rsquo;interm\u00e9diaire d&rsquo;un <a href=\"#7\"><b>slot<\/b><\/a>.<\/li>\n<li>selon le type de champ de formulaire que vous remplissez dans l&rsquo;interface d&rsquo;administration, le <b>contenu<\/b> correspondra donc au corps de la page (le plus souvent : Page, Article,&#8230;), \u00e0 la barre lat\u00e9rale (si elle est active sur la page : Widget, Text Block, Map,&#8230;) ou \u00e0 la construction d&rsquo;un menu (Cat\u00e9gories, &#8230;)<\/li>\n<li>les champs <b>titres<\/b> des pages principales figureront g\u00e9n\u00e9ralement \u00e0 la fois dans un slot du <b>corps de la page<\/b> et dans un slot de type <b>Menu<\/b>.<\/li>\n<\/ul>\n<\/li>\n<li class=\"faqsep\"><a name=\"11\"><\/a><span class=\"faqreponse\">qu&rsquo;est-ce qu&rsquo;un <b>contenant<\/b><\/span> :\n<ul>\n<li>un <b><i>contenant<\/i><\/b> est un mod\u00e8le de page d\u00e9crit dans votre Th\u00e8me : il est caract\u00e9ris\u00e9 par un Template, code PHP qui g\u00e9n\u00e8re de l&rsquo;HTML en ins\u00e9rant des Contenus issus de la base de donn\u00e9es dans des Slots pr\u00e9vus \u00e0 cet effet (slot menu, slot barre lat\u00e9rale, slot pied de page, etc.).<\/li>\n<li>on dispose g\u00e9n\u00e9ralement de plusieurs types de contenants : Page pleine largeur, Page avec bande lat\u00e9rale, Collection d&rsquo;articles,&#8230;<\/li>\n<\/ul>\n<\/li>\n<li class=\"faqsep\"><a name=\"3\"><\/a><span class=\"faqreponse\">quels Contenants (ou <i>formats de contenus<\/i>) puis-je manipuler avec WordPress<\/span> :\n<ul>\n<li>le plus important pour bien prendre en main l&rsquo;administration d&rsquo;un site WordPress est de bien distinguer les <b>Contenants<\/b> qu&rsquo;on peut y ins\u00e9rer.<\/li>\n<li>comme on l&rsquo;a vu plus haut, chaque <b>Contenant<\/b> se manipule \u00e0 partir d&rsquo;un onglet sp\u00e9cifique du menu d&rsquo;administration : apr\u00e8s avoir choisi le <b>Contenant<\/b>, on peut lister les \u00e9l\u00e9ments existants, les modifier, les supprimer ou en ajouter de nouveaux.<\/li>\n<li>les <b>Contenants<\/b> classiques :\n<ul>\n<li>un des premiers concepts \u00e0 appr\u00e9hender avec WordPress est la diff\u00e9rence entre les <b>Articles<\/b> et les <b>Pages<\/b> :<\/li>\n<li><a name=\"14\"><\/a>la <b>Page<\/b> : \u00e9l\u00e9ment de base d&rsquo;un site web, la <b>Page<\/b> WordPress est un contenu g\u00e9n\u00e9ralement ind\u00e9pendant du temps et de la chronologie de l&rsquo;\u00e9dition. Elle contiendra typiquement des informations statiques telles que votre CV, des informations de contact, vos publications, ou une pr\u00e9sentation de vos travaux et de votre \u00e9quipe. Une page correspond au contenu principal de ce qu&rsquo;on appelle commun\u00e9ment \u00ab\u00a0page web\u00a0\u00bb, d\u00e9barass\u00e9 des \u00e9l\u00e9ments secondaires (menus, barre lat\u00e9rale,&#8230;) et identifi\u00e9 sur le web par une URL.<\/li>\n<li><a name=\"15\"><\/a>l&rsquo;<b>Article<\/b> : les <b>Articles<\/b> sont des \u00e9l\u00e9ments d&rsquo;\u00e9dition plus marqu\u00e9s dans le temps, et que vous souhaiterez pr\u00e9senter \u00e0 la file, dans un ordre ant\u00e9chrologique de leur date de publication : c&rsquo;est le principe de la page de blog. Vous utiliserez ces \u00e9l\u00e9ments pour d\u00e9crire une actualit\u00e9 (s\u00e9minaire, conf\u00e9rence,&#8230;) ou des billets d&rsquo;humeur. Sur votre site, dans le mod\u00e8le propos\u00e9 1.0, nous vous proposons 2 blogs :\n<ul>\n<li>la page d&rsquo;accueil fait d\u00e9filer tous vos articles marqu\u00e9s par la cat\u00e9gorie \u00ab\u00a0Professionnel\u00a0\u00bb<\/li>\n<li>dans le menu \u00ab\u00a0Perso\u00a0\u00bb, la sous-rubrique \u00ab\u00a0Mon blog personnel\u00a0\u00bb affiche tous les articles marqu\u00e9s par la cat\u00e9gorie \u00ab\u00a0Personnel\u00a0\u00bb.<\/li>\n<\/ul>\n<\/li>\n<li>le <a name=\"16\"><b>M\u00e9dia<\/b><\/a> : il s&rsquo;agit des \u00e9l\u00e9ments de type image, vid\u00e9o, PDF; archive zip, etc., que vous pouvez normalement uploader sur<\/li>\n<li>le <a name=\"17\"><b>Commentaire<\/b><\/a> : c&rsquo;est un \u00e9l\u00e9ment classique dans WordPress, mais c&rsquo;est aussi celui qui pose le plus de probl\u00e8mes de s\u00e9curit\u00e9 ! (il permet \u00e0 un utilisateur ext\u00e9rieur de r\u00e9agir \u00e0 vos publications). Nous l&rsquo;avons donc compl\u00e8tement d\u00e9sactiv\u00e9 sur ce site, c&rsquo;est pour cela que l&rsquo;option n&rsquo;apparait m\u00eame pas dans votre menu d&rsquo;administration\u2026<\/li>\n<\/ul>\n<\/li>\n<li>\u00e0 cela s&rsquo;ajoute une multitude de nouveaux <b>Contenants<\/b>, apparus dans les derni\u00e8res versions de WordPress ou introduits par des <b>Extensions<\/b>, et pas toujours g\u00e9r\u00e9s de fa\u00e7on tr\u00e8s coh\u00e9rente :\n<ul>\n<li>le <b>Menu<\/b> :<\/li>\n<li>le <b>Text-Block<\/b> :<\/li>\n<li>le <b>Formulaire<\/b> : vous pouvez cr\u00e9er des formulaires pour permettre aux lecteurs de votre site d&rsquo;entrer en contact avec vous. Une fois le formulaire cr\u00e9\u00e9, vous pouvez l&rsquo;utiliser dans n&rsquo;importe quelle page gr\u00e2ce \u00e0 un <i>shortcode<\/i><\/li>\n<li>la <b>Map<\/b> : <\/li>\n<li>d&rsquo;autres extensions permettent de g\u00e9rer des contenus internes (par exemple l&rsquo;extension TeachPress ajoute des tables \u00e0 votre base WordPress pour g\u00e9rer vos publications et vos cours) ou externes (l&rsquo;extension HAL-Inria construit dynamiquement des pages avec vos publications \u00e0 partir d&rsquo;une simple requ\u00eate au site haltools que vous aurez stock\u00e9e dans une page)<\/li>\n<\/ul>\n<\/li>\n<\/ul>\n<\/li>\n<li class=\"faqsep\"><a name=\"4\"><\/a><span class=\"faqreponse\">qu&rsquo;est-ce qu&rsquo;un <b>th\u00e8me<\/b><\/span> :\n<ul>\n<li>le th\u00e8me (ou <i>skin<\/i> en anglais) d\u00e9crit l&rsquo;apparence de la mise en pages du site.<\/li>\n<li>il est compos\u00e9 de <b>templates<\/b> et de <b>feuilles de style<\/b> (CSS).<\/li>\n<li>il constitue un gabarit, non modifiable par le r\u00e9dacteur, qui n&rsquo;aura plus qu&rsquo;\u00e0 saisir les diff\u00e9rents \u00e9l\u00e9ments (enregistr\u00e9s dans la base de donn\u00e9es) \u00e0 ins\u00e9rer automatiquement dans les <b>slots<\/b> du template.<\/li>\n<li>il permet de s\u00e9parer le contenu r\u00e9dactionnel (extrait de la base de donn\u00e9es) de sa mise en forme et de sa pr\u00e9sentation.<\/li>\n<\/ul>\n<\/li>\n<li class=\"faqsep\"><a name=\"5\"><\/a><span class=\"faqreponse\">qu&rsquo;est-ce qu&rsquo;un <b>template<\/b><\/span> :\n<ul>\n<li>un template d\u00e9crit la structure d&rsquo;une page de votre site.<\/li>\n<li>les diff\u00e9rents \u00e9l\u00e9ments de l&rsquo;architecture d&rsquo;une page (par exemple : l&rsquo;en-t\u00eate, le menu, le corps de page, le pied de page,\u2026) vont prendre place dans votre template sous forme d&rsquo;un code HTML pr\u00e9d\u00e9fini, qui d\u00e9finira des balises et des classes de style \u00e0 caract\u00e9riser dans la feuille de style.<\/li>\n<li>certains de ces \u00e9l\u00e9ments seront fig\u00e9s dans le template, d&rsquo;autres sont destin\u00e9s \u00e0 accueillir des contenus variables (<i>dynamiques<\/i>) issus de la base de donn\u00e9es : on les appelle des <b>slots<\/b>.<\/li>\n<\/ul>\n<\/li>\n<li class=\"faqsep\"><a name=\"6\"><\/a><span class=\"faqreponse\">qu&rsquo;est-ce qu&rsquo;une <b>feuille de style<\/b> (ou CSS)<\/span> :\n<ul>\n<li>&#8230;<\/li>\n<\/ul>\n<\/li>\n<li class=\"faqsep\"><a name=\"7\"><\/a><span class=\"faqreponse\">qu&rsquo;est-ce qu&rsquo;un <b>slot<\/b><\/span> :\n<ul>\n<li>&#8230;<\/li>\n<\/ul>\n<\/li>\n<li class=\"faqsep\"><a name=\"8\"><\/a><span class=\"faqreponse\">qu&rsquo;est-ce qu&rsquo;un <b>widget<\/b><\/span> :\n<ul>\n<li>&#8230;<\/li>\n<\/ul>\n<\/li>\n<li class=\"faqsep\"><a name=\"18\"><\/a><span class=\"faqreponse\">qu&rsquo;est-ce qu&rsquo;une <b>extension<\/b> (ou plugin) de WordPress<\/span> :\n<ul>\n<li>&#8230;<\/li>\n<\/ul>\n<li class=\"faqsep\"><a name=\"9\"><\/a><span class=\"faqreponse\">qu&rsquo;est-ce qu&rsquo;un <b>shortcode<\/b><\/span> :\n<ul>\n<li>&#8230;<\/li>\n<\/ul>\n<li class=\"faqsep\"><a name=\"12\"><\/a><span class=\"faqreponse\">qu&rsquo;est-ce qu&rsquo;un <b>blog<\/b><\/span> :\n<ul>\n<li>&#8230;<\/li>\n<\/ul>\n<li class=\"faqsep\"><a name=\"13\"><\/a><span class=\"faqreponse\">qu&rsquo;est-ce qu&rsquo;un <b>cat\u00e9gorie<\/b><\/span> :\n<ul>\n<li>&#8230;<\/li>\n<\/ul>\n<li class=\"faqsep\"><a name=\"14\"><\/a><span class=\"faqreponse\">qu&rsquo;est-ce qu&rsquo;un <b>tag<\/b><\/span> :\n<ul>\n<li>&#8230;<\/li>\n<\/ul>\n<\/li>\n<\/ol>\n","protected":false},"excerpt":{"rendered":"<p>Questions :<\/p>\n<ol>\n<li><a href=\"#1\">quel est l&rsquo;outil de gestion de contenu utilis\u00e9 sur ce nouveau site ?<\/a><\/li>\n<li><a href=\"#2\">\u00e0 quoi correspondent les \u00e9l\u00e9ments qui apparaissent dans mon tableau de bord wordpress ?<\/a><\/li>\n<li><a href=\"#10\">qu&rsquo;est-ce qu&rsquo;un <i>contenu<\/i> ?<\/a><\/li>\n<li><a href=\"#11\">qu&rsquo;est-ce qu&rsquo;un <i>contenant<\/i> ?<\/a><\/li>\n<li><a href=\"#3\">quels Contenants (ou <i>formats de contenus<\/i>) puis-je manipuler avec WordPress ?<\/a>\n<ul>\n<li>la <a href=\"#14\"><i>Page<\/i><\/a><\/li>\n<li>l&rsquo;<a href=\"#15\"><i>Article<\/i><\/a><\/li>\n<li>la <a href=\"#16\"><i>M\u00e9dia<\/i><\/a><\/li>\n<li>la <a href=\"#17\"><i>Commentaire<\/i><\/a><\/li>\n<\/ul>\n<\/li>\n<li><a href=\"#4\">qu&rsquo;est-ce qu&rsquo;un <i>th\u00e8me<\/i> ?<\/a><\/li>\n<\/ol>\n","protected":false},"author":5,"featured_media":0,"parent":50,"menu_order":0,"comment_status":"closed","ping_status":"closed","template":"page-fullwidth.php","meta":{"footnotes":""},"class_list":["post-53","page","type-page","status-publish","hentry"],"_links":{"self":[{"href":"https:\/\/members.loria.fr\/infodoc\/wp-json\/wp\/v2\/pages\/53","targetHints":{"allow":["GET"]}}],"collection":[{"href":"https:\/\/members.loria.fr\/infodoc\/wp-json\/wp\/v2\/pages"}],"about":[{"href":"https:\/\/members.loria.fr\/infodoc\/wp-json\/wp\/v2\/types\/page"}],"author":[{"embeddable":true,"href":"https:\/\/members.loria.fr\/infodoc\/wp-json\/wp\/v2\/users\/5"}],"replies":[{"embeddable":true,"href":"https:\/\/members.loria.fr\/infodoc\/wp-json\/wp\/v2\/comments?post=53"}],"version-history":[{"count":49,"href":"https:\/\/members.loria.fr\/infodoc\/wp-json\/wp\/v2\/pages\/53\/revisions"}],"predecessor-version":[{"id":1158,"href":"https:\/\/members.loria.fr\/infodoc\/wp-json\/wp\/v2\/pages\/53\/revisions\/1158"}],"up":[{"embeddable":true,"href":"https:\/\/members.loria.fr\/infodoc\/wp-json\/wp\/v2\/pages\/50"}],"wp:attachment":[{"href":"https:\/\/members.loria.fr\/infodoc\/wp-json\/wp\/v2\/media?parent=53"}],"curies":[{"name":"wp","href":"https:\/\/api.w.org\/{rel}","templated":true}]}}