{"id":833,"date":"2015-09-25T14:03:34","date_gmt":"2015-09-25T12:03:34","guid":{"rendered":"http:\/\/members.loria.fr\/infodoc\/?page_id=833"},"modified":"2015-09-25T15:23:20","modified_gmt":"2015-09-25T13:23:20","slug":"editeur","status":"publish","type":"page","link":"https:\/\/members.loria.fr\/infodoc\/manips\/editeur\/","title":{"rendered":"L&rsquo;\u00e9diteur de WordPress"},"content":{"rendered":"<h2>Sommaire<\/h2>\n<ul>\n<li><a href=\"#1\">Introduction<\/a><\/li>\n<li><a href=\"#2\">Prise en main<\/a><\/li>\n<li><a href=\"#3\">Liens externes<\/a>\n<\/ul>\n<h3><a name=\"1\"><\/a>Introduction<\/h3>\n<p>WordPress propose par d\u00e9faut le classique <a href=\"http:\/\/www.tinymce.com\/\">TinyMCE<\/a>, \u00e9diteur web bas\u00e9 sur Javascript et pr\u00e9sent dans beaucoup d&rsquo;interfaces web. Le site de <a href=\"http:\/\/www.tinymce.com\/\">TinyMCE<\/a> vous propose des d\u00e9mos et de nombreuses astuces d&rsquo;utilisation, nous ne nous \u00e9tendrons donc pas sur l&rsquo;utilisation de cet \u00e9diteur, d&rsquo;autant olus qu&rsquo;il \u00e9volue \u00e0 chaque mise \u00e0 jour de WordPress..<\/p>\n<h3><a name=\"1\"><\/a>Prise en main<\/h3>\n<h3><a name=\"1\"><\/a>Liens externes<\/h3>\n<p>L&rsquo;\u00e9diteur de WordPress est susceptible d&rsquo;\u00eatre souvent modifi\u00e9 ou am\u00e9lior\u00e9, il n&rsquo;est donc pas importun d&rsquo;en faire une decription compl\u00e8te. Vous trouverez des informations \u00e0 jour sur les sites officiels.<br \/>\nVoici quelques bons liens :<\/p>\n<ul>\n<li><a href=\"http:\/\/www.tinymce.com\/\">TinyMCE<\/a><\/li>\n<li>http:\/\/www.becaneweb.net\/comment-modifier-page-wordpress\/<\/li>\n<li>http:\/\/tutos.iwebyou.fr\/wordpress\/comment-utiliser-lediteur-wordpress\/<\/li>\n<\/ul>\n","protected":false},"excerpt":{"rendered":"<p>Sommaire<\/p>\n<ul>\n<li><a href=\"#1\">Introduction<\/a><\/li>\n<li><a href=\"#2\">Prise en main<\/a><\/li>\n<li><a href=\"#3\">Liens externes<\/a>\n<\/li>\n<\/ul>\n<p><a name=\"1\"><\/a>Introduction<\/p>\n<p>WordPress propose par d\u00e9faut le classique <a href=\"http:\/\/www.tinymce.com\/\">TinyMCE<\/a>, \u00e9diteur web bas\u00e9 sur Javascript et pr\u00e9sent dans beaucoup d&rsquo;interfaces web. Le site de <a href=\"http:\/\/www.tinymce.com\/\">TinyMCE<\/a> vous propose des d\u00e9mos et de nombreuses astuces d&rsquo;utilisation, nous ne nous \u00e9tendrons donc pas sur l&rsquo;utilisation de cet \u00e9diteur, d&rsquo;autant olus qu&rsquo;il \u00e9volue \u00e0 chaque mise \u00e0 jour de WordPress..<\/p>\n<p><a name=\"1\"><\/a>Prise en main<br \/>\n<a name=\"1\"><\/a>Liens externes<\/p>\n<p>L&rsquo;\u00e9diteur de WordPress est susceptible d&rsquo;\u00eatre souvent modifi\u00e9 ou am\u00e9lior\u00e9,<\/p>\n","protected":false},"author":5,"featured_media":0,"parent":214,"menu_order":0,"comment_status":"closed","ping_status":"closed","template":"page-fullwidth.php","meta":{"footnotes":""},"class_list":["post-833","page","type-page","status-publish","hentry"],"_links":{"self":[{"href":"https:\/\/members.loria.fr\/infodoc\/wp-json\/wp\/v2\/pages\/833","targetHints":{"allow":["GET"]}}],"collection":[{"href":"https:\/\/members.loria.fr\/infodoc\/wp-json\/wp\/v2\/pages"}],"about":[{"href":"https:\/\/members.loria.fr\/infodoc\/wp-json\/wp\/v2\/types\/page"}],"author":[{"embeddable":true,"href":"https:\/\/members.loria.fr\/infodoc\/wp-json\/wp\/v2\/users\/5"}],"replies":[{"embeddable":true,"href":"https:\/\/members.loria.fr\/infodoc\/wp-json\/wp\/v2\/comments?post=833"}],"version-history":[{"count":4,"href":"https:\/\/members.loria.fr\/infodoc\/wp-json\/wp\/v2\/pages\/833\/revisions"}],"predecessor-version":[{"id":841,"href":"https:\/\/members.loria.fr\/infodoc\/wp-json\/wp\/v2\/pages\/833\/revisions\/841"}],"up":[{"embeddable":true,"href":"https:\/\/members.loria.fr\/infodoc\/wp-json\/wp\/v2\/pages\/214"}],"wp:attachment":[{"href":"https:\/\/members.loria.fr\/infodoc\/wp-json\/wp\/v2\/media?parent=833"}],"curies":[{"name":"wp","href":"https:\/\/api.w.org\/{rel}","templated":true}]}}