{"id":972,"date":"2016-02-22T18:45:18","date_gmt":"2016-02-22T16:45:18","guid":{"rendered":"http:\/\/members.loria.fr\/infodoc\/?page_id=972"},"modified":"2016-09-19T16:05:17","modified_gmt":"2016-09-19T14:05:17","slug":"maintenance","status":"publish","type":"page","link":"https:\/\/members.loria.fr\/infodoc\/manips\/maintenance\/","title":{"rendered":"Maintenance"},"content":{"rendered":"<h3><a name=\"6\"><\/a>Activer\/d\u00e9sactiver le mode maintenance<\/h3>\n<ul>\n<li>Votre site a \u00e9t\u00e9 livr\u00e9 avec le \u00ab\u00a0mode maintenance\u00a0\u00bb activ\u00e9. Cela signifie que seuls les utilisateurs connect\u00e9s sur members.loria.fr peuvent en voir le contenu, et que tous les autres ne verront qu&rsquo;une page leur signifiant que le site est \u00ab\u00a0en travaux\u00a0\u00bb.<\/li>\n<li>Lorsque votre site sera pr\u00eat \u00e0 \u00eatre montr\u00e9, vous pourrez d\u00e9sactiver le \u00ab\u00a0mode maintenance\u00a0\u00bb.<\/li>\n<li>Pour cela, il suffit d&rsquo;utiliser les options de l&rsquo;extension <b>WP Maintenance Mode<\/b> accessibles dans votre <b>Tableau de bord<\/b> :\n<ol>\n<li>Allez dans <b>R\u00e9glages<\/b> > <b>WP Maintenance Mode<\/b>\n<div class=\"encadre\">\n<img decoding=\"async\" src=\"\/infodoc\/files\/img\/tutoriel\/maintenance-02.png\" alt=\"maintenance 1\" \/>\n<\/div>\n<\/li>\n<li>S\u00e9lectionnez le premier onglet : <b>G\u00e9n\u00e9ral<\/b><\/li>\n<\/ol>\n<\/li>\n<li>Dans l&rsquo;option <b>\u00c9tat<\/b>, il ne vous reste plus qu&rsquo;\u00e0 cliquer le bouton radio \u00ab\u00a0D\u00e9sactiv\u00e9\u00a0\u00bb,\n<div class=\"encadre\">\n<img decoding=\"async\" src=\"\/infodoc\/files\/img\/tutoriel\/maintenance-05.png\" alt=\"maintenance 2\" \/>\n<\/div>\n<p> puis en bas de page cliquez sur le bouton \u00ab\u00a0Save settings\u00a0\u00bb<\/p>\n<div class=\"encadre\">\n<img decoding=\"async\" src=\"\/infodoc\/files\/img\/tutoriel\/maintenance-07.png\" alt=\"maintenance 3\" \/>\n<\/div>\n<p>(<b>Attention<\/b> : \u00e9vitez de cliquer sur \u00ab\u00a0<i>Reset settings<\/i>\u00ab\u00a0, vous perdriez les modifications faites sur le design de la page).\n<\/li>\n<li>Les pages du site s&rsquo;affichent maintenant \u00e0 tous les utilisateurs.<\/li>\n<li>Nous vous conseillons de toujours r\u00e9activer ce \u00ab\u00a0mode maintenance\u00a0\u00bb lorsque vous effectuez des modifications importantes, pour ne pas exposer au monde des pages incompl\u00e8tes.<\/li>\n<\/ul>\n","protected":false},"excerpt":{"rendered":"<p><a name=\"6\"><\/a>Activer\/d\u00e9sactiver le mode maintenance<\/p>\n<ul>\n<li>Votre site a \u00e9t\u00e9 livr\u00e9 avec le \u00ab\u00a0mode maintenance\u00a0\u00bb activ\u00e9. Cela signifie que seuls les utilisateurs connect\u00e9s sur members.loria.fr peuvent en voir le contenu, et que tous les autres ne verront qu&rsquo;une page leur signifiant que le site est \u00ab\u00a0en travaux\u00a0\u00bb.<\/li>\n<li>Lorsque votre site sera pr\u00eat \u00e0 \u00eatre montr\u00e9, vous pourrez d\u00e9sactiver le \u00ab\u00a0mode maintenance\u00a0\u00bb.<\/li>\n<li>Pour cela, il suffit d&rsquo;utiliser les options de l&rsquo;extension WP Maintenance Mode accessibles dans votre Tableau de bord :\n<ol>\n<li>Allez dans R\u00e9glages WP Maintenance Mode\n<p><img decoding=\"async\" src=\"\/infodoc\/files\/img\/tutoriel\/maintenance-02.png\" alt=\"maintenance 1\" \/><\/p>\n<\/li>\n<li>S\u00e9lectionnez le premier onglet : G\u00e9n\u00e9ral<\/li>\n<\/ol>\n<\/li>\n<li>Dans l&rsquo;option \u00c9tat,<\/li>\n<\/ul>\n","protected":false},"author":5,"featured_media":0,"parent":214,"menu_order":0,"comment_status":"closed","ping_status":"closed","template":"page-fullwidth.php","meta":{"footnotes":""},"class_list":["post-972","page","type-page","status-publish","hentry"],"_links":{"self":[{"href":"https:\/\/members.loria.fr\/infodoc\/wp-json\/wp\/v2\/pages\/972","targetHints":{"allow":["GET"]}}],"collection":[{"href":"https:\/\/members.loria.fr\/infodoc\/wp-json\/wp\/v2\/pages"}],"about":[{"href":"https:\/\/members.loria.fr\/infodoc\/wp-json\/wp\/v2\/types\/page"}],"author":[{"embeddable":true,"href":"https:\/\/members.loria.fr\/infodoc\/wp-json\/wp\/v2\/users\/5"}],"replies":[{"embeddable":true,"href":"https:\/\/members.loria.fr\/infodoc\/wp-json\/wp\/v2\/comments?post=972"}],"version-history":[{"count":4,"href":"https:\/\/members.loria.fr\/infodoc\/wp-json\/wp\/v2\/pages\/972\/revisions"}],"predecessor-version":[{"id":1306,"href":"https:\/\/members.loria.fr\/infodoc\/wp-json\/wp\/v2\/pages\/972\/revisions\/1306"}],"up":[{"embeddable":true,"href":"https:\/\/members.loria.fr\/infodoc\/wp-json\/wp\/v2\/pages\/214"}],"wp:attachment":[{"href":"https:\/\/members.loria.fr\/infodoc\/wp-json\/wp\/v2\/media?parent=972"}],"curies":[{"name":"wp","href":"https:\/\/api.w.org\/{rel}","templated":true}]}}