{"id":10,"date":"2015-06-15T10:23:49","date_gmt":"2015-06-15T08:23:49","guid":{"rendered":"http:\/\/members.loria.fr\/thierrygartiser\/?page_id=10"},"modified":"2026-04-02T12:10:27","modified_gmt":"2026-04-02T10:10:27","slug":"cv","status":"publish","type":"page","link":"https:\/\/members.loria.fr\/jmantoine\/cv\/","title":{"rendered":"CV"},"content":{"rendered":"<div class=\"important_div\" style=\"text-align: center;\"><\/div>\n<h4 class=\"cv\">Formation<\/h4>\n<ul>\n<li class=\"p1\"><span class=\"s1\">DESS Informatique : 1988<\/span><\/li>\n<li class=\"p1\"><span class=\"s1\">Th\u00e8se CNAM 1995 : LORIA<\/span><\/li>\n<\/ul>\n<h4 class=\"cv\">Exp\u00e9rience professionnelle<\/h4>\n<ul>\n<li>2019-2026 : Responsable du service des R\u00e9f\u00e9rents SI de la DSI d&rsquo;Inria et R\u00e9f\u00e9rent SI du centre de Nancy et pour le Loria<\/li>\n<li class=\"p1\"><span class=\"s1\">2013-2019 : Responsable du Service Informatique Commun (Inria Nancy-Grand Est &#8211; LORIA)<\/span><\/li>\n<li class=\"p1\">2012-2013 : Sous-Directeur en charge des Usages du Num\u00e9rique (Universit\u00e9 de Lorraine)<\/li>\n<li class=\"p1\">1996-2011 : DSI de l&rsquo;Universit\u00e9 Henri Poincar\u00e9 &#8211; Nancy 1<\/li>\n<li class=\"p1\">1990-1995 : Administrateur syst\u00e8me LORIA<\/li>\n<\/ul>\n<h4 class=\"cv\">Projets<\/h4>\n<ul>\n<li>ESUP Portail : Membre fondateur du consortium ESUP Portail (Espace Num\u00e9rique de Travail) (2002-2013) &#8211;\u00a0https:\/\/www.esup-portail.org<\/li>\n<li>Directeur de l\u2019Universit\u00e9 Num\u00e9rique Inter R\u00e9gionale de l\u2019Est (UNIRE\u00a0: Lorraine, Bourgogne, Franche Cont\u00e9, Champagne Ardenne) (2003-2013) &#8211; http:\/\/www.unr-unire.fr<\/li>\n<\/ul>\n<p>&nbsp;<\/p>\n<h4 class=\"cv\">Centres d&rsquo;int\u00e9r\u00eat et comp\u00e9tences<\/h4>\n<div id=\"skillbar_straight\" style=\"padding:10px 0;\">\n\n<div class=\"skillbar clearfix\" data-percent=\"90%\" style=\"background: #eeeeee;\">\r\n\t\t\t\t<div class=\"skillbar-title\" style=\"background: #336699 !important;\"><span>Gestion de projets informatiques<\/span><\/div>\r\n\t\t\t\t<div class=\"skillbar-bar\" style=\"background: #336699;\"><\/div>\r\n\t\t\t\t<div class=\"skill-bar-percent\">90%<\/div>\r\n\t\t\t<\/div>\n\n<div class=\"skillbar clearfix\" data-percent=\"80%\" style=\"background: #eeeeee;\">\r\n\t\t\t\t<div class=\"skillbar-title\" style=\"background: #336699 !important;\"><span>Encadrement et management<\/span><\/div>\r\n\t\t\t\t<div class=\"skillbar-bar\" style=\"background: #336699;\"><\/div>\r\n\t\t\t\t<div class=\"skill-bar-percent\">80%<\/div>\r\n\t\t\t<\/div>\n\n<div class=\"skillbar clearfix\" data-percent=\"85%\" style=\"background: #eeeeee;\">\r\n\t\t\t\t<div class=\"skillbar-title\" style=\"background: #336699 !important;\"><span>Syst\u00e8me d&#039;information universitaire<\/span><\/div>\r\n\t\t\t\t<div class=\"skillbar-bar\" style=\"background: #336699;\"><\/div>\r\n\t\t\t\t<div class=\"skill-bar-percent\">85%<\/div>\r\n\t\t\t<\/div>\n\n\n<div style=\"clear:both;\"><\/div>\n<\/div>\n<div style=\"clear:both; height:10px; overflow:hidden;\"><\/div>\n<style type=\"text\/css\">.skillbar-title{font-size:px;color:;}.skill-bar-percent{font-size:px;color:;}<\/style><script>\r\n\t\t\t\tfunction sbar(){\r\n\t\t\t\t\tjQuery(\".skillbar\").each(function(){\r\n\t\t\t\t\t\tjQuery(this).find(\".skillbar-bar\").animate({\r\n\t\t\t\t\t\t\twidth:jQuery(this).attr(\"data-percent\")\r\n\t\t\t\t\t\t},3000);\r\n\t\t\t\t\t});\t\r\n\t\t\t\t}\r\n\t\t\t\tif ( jQuery(\"#skillbar_straight\").next().is(\":appeared\") ){\r\n\t\t\t\t\tsbar();\r\n\t\t\t\t} else {\r\n\t\t\t\t\tjQuery( window ).scroll(function() {\r\n\t\t\t\t\t\tif ( jQuery(\"#skillbar_straight\").next().is(\":appeared\") ){\r\n\t\t\t\t\t\t\tsbar();\r\n\t\t\t\t\t\t}\r\n\t\t\t\t\t});\r\n\t\t\t\t}\r\n\t\t\t\t<\/script>\n<p>&nbsp;<\/p>\n<style type=\"text\/css\">{ width:200px; height:160px; display:inline-block; margin:0.5em; }\r\n\t\t\t\t#gage_chart_1{ text-align:center; }<\/style><script>var ;\nfunction gager_1(){};\njQuery(document).ready(function(){\r\n\t\t\t\tif ( jQuery(\"#gage_chart_1\").next().is(\":appeared\") ){\r\n\t\t\t\t\tif ( ! jQuery(\"#gage_chart_1\").hasClass(\"gc_active\") ) {\r\n\t\t\t\t\t\tgager_1();\r\n\t\t\t\t\t\tjQuery(\"#gage_chart_1\").addClass(\"gc_active\");\r\n\t\t\t\t\t}\r\n\t\t\t\t} else {\r\n\t\t\t\t\tjQuery(window).scroll(function(){\r\n\t\t\t\t\t\tif ( jQuery(\"#gage_chart_1\").next().is(\":appeared\") ){\r\n\t\t\t\t\t\t\tif ( ! jQuery(\"#gage_chart_1\").hasClass(\"gc_active\") ) {\r\n\t\t\t\t\t\t\t\tgager_1();\r\n\t\t\t\t\t\t\t\tjQuery(\"#gage_chart_1\").addClass(\"gc_active\");\r\n\t\t\t\t\t\t\t}\r\n\t\t\t\t\t\t}\r\n\t\t\t\t\t});\r\n\t\t\t\t}\r\n\t\t\t});<\/script><div id=\"gage_chart_1\"><\/div><div style=\"clear:both; height:10px; overflow:hidden;\"><\/div>\n","protected":false},"excerpt":{"rendered":"<p>Formation DESS Informatique : 1988 Th\u00e8se CNAM 1995 : LORIA Exp\u00e9rience professionnelle 2019-2026 : Responsable du service des R\u00e9f\u00e9rents SI de la DSI d&rsquo;Inria et R\u00e9f\u00e9rent SI du centre de Nancy et pour le Loria 2013-2019 : Responsable du Service Informatique Commun (Inria Nancy-Grand Est &#8211; LORIA) 2012-2013 : Sous-Directeur en charge des Usages du [&hellip;]<\/p>\n","protected":false},"author":4,"featured_media":0,"parent":0,"menu_order":0,"comment_status":"closed","ping_status":"closed","template":"","meta":{"footnotes":""},"class_list":["post-10","page","type-page","status-publish","hentry"],"_links":{"self":[{"href":"https:\/\/members.loria.fr\/jmantoine\/wp-json\/wp\/v2\/pages\/10","targetHints":{"allow":["GET"]}}],"collection":[{"href":"https:\/\/members.loria.fr\/jmantoine\/wp-json\/wp\/v2\/pages"}],"about":[{"href":"https:\/\/members.loria.fr\/jmantoine\/wp-json\/wp\/v2\/types\/page"}],"author":[{"embeddable":true,"href":"https:\/\/members.loria.fr\/jmantoine\/wp-json\/wp\/v2\/users\/4"}],"replies":[{"embeddable":true,"href":"https:\/\/members.loria.fr\/jmantoine\/wp-json\/wp\/v2\/comments?post=10"}],"version-history":[{"count":33,"href":"https:\/\/members.loria.fr\/jmantoine\/wp-json\/wp\/v2\/pages\/10\/revisions"}],"predecessor-version":[{"id":256,"href":"https:\/\/members.loria.fr\/jmantoine\/wp-json\/wp\/v2\/pages\/10\/revisions\/256"}],"wp:attachment":[{"href":"https:\/\/members.loria.fr\/jmantoine\/wp-json\/wp\/v2\/media?parent=10"}],"curies":[{"name":"wp","href":"https:\/\/api.w.org\/{rel}","templated":true}]}}