{"id":10,"date":"2015-06-15T10:23:49","date_gmt":"2015-06-15T08:23:49","guid":{"rendered":"http:\/\/members.loria.fr\/thierrygartiser\/?page_id=10"},"modified":"2024-01-15T09:21:35","modified_gmt":"2024-01-15T07:21:35","slug":"cv","status":"publish","type":"page","link":"https:\/\/members.loria.fr\/mcouceiro\/cv\/","title":{"rendered":"Short CV"},"content":{"rendered":"<p><strong>Education:<\/strong><\/p>\n<ul>\n<li><span dir=\"ltr\" role=\"presentation\"><strong>Agrega\u00e7\u00e3o<\/strong> (Habilitation in Mathematics):<\/span>\u00a0<span dir=\"ltr\" role=\"presentation\">Instituto Superior T\u00e9cnico da Univer<\/span><span dir=\"ltr\" role=\"presentation\">sidade de Lisboa, 2023<\/span><br role=\"presentation\" \/><strong><span dir=\"ltr\" role=\"presentation\">Relat\u00f3rio curricular:<\/span><\/strong> \u00ab\u00a0<span dir=\"ltr\" role=\"presentation\">Lattice theory for symbolic knowledge discovery\u00a0\u00bb<\/span><br role=\"presentation\" \/><strong><span dir=\"ltr\" role=\"presentation\">Li\u00e7\u00e3o de s\u00edntese:<\/span><\/strong> \u00ab\u00a0<span dir=\"ltr\" role=\"presentation\">Galois theories for functions with applications in equational defin<\/span><span dir=\"ltr\" role=\"presentation\">ability and analogy based classification\u00a0\u00bb<\/span><br role=\"presentation\" \/><strong><span dir=\"ltr\" role=\"presentation\">Members of Jury:<\/span><\/strong> <span dir=\"ltr\" role=\"presentation\">Anna Labella, Vincenzo Marra<\/span><span dir=\"ltr\" role=\"presentation\">, Georg Struth, Jes\u00fas Medina Moreno<\/span><span dir=\"ltr\" role=\"presentation\">, M\u00e1rio Alexandre Teles de Figueiredo, Paulo Alexandre Carreira Mateus,<\/span><br role=\"presentation\" \/><span dir=\"ltr\" role=\"presentation\">Pedro Manuel Agostinho Resende<\/span><\/li>\n<li><strong>Habilitation \u00e0 Diriger des Recherches<\/strong> (computer science): \u00ab\u00a0Quelques outils alg\u00e9briques en th\u00e9orie de l&rsquo;agr\u00e9gation et d\u00e9cision qualitative\u00a0\u00bb, Universit\u00e9 Paris-Dauphine, 2013<br \/>\n<strong>Members of Jury:<\/strong> Yves Crama, Michel Grabisch, Jean-Luc Marichal, Bernard Monjardet, Amedeo Napoli, Henri Prade, Alexis Tsoukias<\/li>\n<li><strong>Doctoral Thesis:<\/strong> \u00ab\u00a0On Definability of Functions of Several Variables\u00a0\u00bb, University of Tampere, 2006<br \/>\n<strong>Oponent:<\/strong> Maurice Pouzet\u00a0 <strong>Custos: <\/strong>Lauri Hella<\/li>\n<li><strong>Master&rsquo;s Thesis:<\/strong> \u00ab\u00a0On Boolean Functions\u00a0\u00bb, University of Tampere, Finland, 2002<\/li>\n<\/ul>\n<p><strong>Current positions:<\/strong><\/p>\n<ul>\n<li>Professor in Computer Science, Universit\u00e9 de Lorraine, CNRS, Inria NGE, <a href=\"https:\/\/www.loria.fr\/en\/\">LORIA<\/a>\u00a0(since September, 2014)<\/li>\n<li>Docent in Mathematics, <a href=\"https:\/\/www.tuni.fi\/en\">Tampere University<\/a> (since January 2019)<\/li>\n<\/ul>\n<p><strong>Previous positions:<\/strong><\/p>\n<ul>\n<li>Associate professor, LAMSADE, Universit\u00e9 Paris-Dauphine (2012 &#8211; 2014)<\/li>\n<li>Docent in Discrete Mathematics, Tampere University of Technology (2008 &#8211; 2018)<\/li>\n<li>Docent in Mathematics, University of Tampere (2007 &#8211; 2018)<\/li>\n<li>Researcher, Mathematics Research Unit, University of Luxembourg (2007 &#8211; 2012)<\/li>\n<li>Researcher at MALJA Graduate School in Mathematical Logic and Algebra, University of Helsinki and University of Tampere (2003 &#8211; 2006)<\/li>\n<\/ul>\n<p><strong>Editorial and advisory activities:<\/strong><\/p>\n<ul>\n<li><strong>Member<\/strong> of the management committee of the CNRS <a href=\"https:\/\/gdr-radia.cnrs.fr\/\">GDR RADIA<\/a> (<span dir=\"ltr\" role=\"presentation\">Raisonnement, Apprentissage, et D\u00e9cision en Intelligence Artificielle)<\/span><\/li>\n<li><strong>Member <\/strong>of the topical advisory panel of <a href=\"https:\/\/www.mdpi.com\/journal\/axioms\">Axioms<\/a><\/li>\n<li><strong>Member <\/strong>of <a href=\"http:\/\/www.mvl.jpn.org\/MVL\/\">Technical Committee on Multiple-Valued Logic<\/a> (TCMVL) of the IEEE Computer Society (2018-2020)<\/li>\n<li><strong>Member <\/strong>of editorial board of <a href=\"https:\/\/www.oldcitypublishing.com\/journals\/mvlsc-home\/\">Journal of Multiple-Valued Logic and Soft Computing<\/a><\/li>\n<li><strong>Member <\/strong>of editorial board of <a href=\"http:\/\/ijits-bg.com\/home\">International Journal on Information Technologies and Security<\/a><\/li>\n<li><strong>Guest editor<\/strong> of <a href=\"https:\/\/www.springer.com\/journal\/10472\">Annals of Mathematics and Artificial Intelligence<\/a><\/li>\n<li><strong>Guest editor <\/strong>of <a href=\"https:\/\/www.springer.com\/journal\/11083\">Order<\/a><\/li>\n<li><strong>Guest editor<\/strong> of <a href=\"https:\/\/dmtcs.episciences.org\/\">Discrete Mathematics and Theoretical Computer Science<\/a><\/li>\n<li><strong>Guest editor<\/strong> of <a href=\"https:\/\/link.springer.com\/journal\/40070\/volumes-and-issues\">EURO Journal on Decision Processes<\/a><\/li>\n<li><strong>Member<\/strong> of the expert panel (mathematics) of\u00a0Research Foundation &#8211; Flanders (<a href=\"https:\/\/www.fwo.be\/en\/\">FWO<\/a>)<\/li>\n<li><strong>Evaluator <\/strong>for Royal Military College of Canada (<a href=\"https:\/\/www.rmc-cmr.ca\/en\">RMC<\/a>), Czech Science Foundation (<a href=\"https:\/\/gacr.cz\/en\/\">GACR<\/a>), Austrian Science Fund (<a href=\"https:\/\/www.fwf.ac.at\/en\/\">FWF<\/a>).<\/li>\n<li><strong>Member<\/strong> of the P\u00f4le scientifique \u00ab\u00a0Automatique, Math\u00e9matiques, Informatique et leurs Interactions\u00a0\u00bb (<a href=\"http:\/\/www.univ-lorraine.fr\/recherche\/pole_scientifique\/am2i\">AM2I<\/a>)<\/li>\n<li><strong>Member<\/strong> of <a href=\"https:\/\/www.loria.fr\/en\/\">Loria<\/a>&lsquo;s council.<\/li>\n<li><strong>Member<\/strong> of <a href=\"http:\/\/institut-sciences-digitales.fr\/idmc\/\">IDMC<\/a>&lsquo;s council.<\/li>\n<li><strong>Member<\/strong> of the Commission Mention Informatique (<a href=\"https:\/\/members.loria.fr\/LVigneron\/cmi\/\">CMI<\/a>), Ecole Doctorale IAEM Lorraine.<\/li>\n<\/ul>\n<p><strong>Seminar and pedagogical organization:<\/strong><\/p>\n<ul>\n<li><a href=\"http:\/\/malotec.loria.fr\/\">MALOTEC<\/a>, Seminaire de MAthematique et LOgique pour l&rsquo;exTraction et le traitEment de Connaissances, Equipe Orpailleur, LORIA<\/li>\n<li>Responsible of the 2nd year of the master&rsquo;s program <a href=\"http:\/\/institut-sciences-digitales.fr\/idmc-master-degree-in-natural-language-processing\/\">NLP<\/a> at Universit\u00e9 de Lorraine<\/li>\n<li>Coordinator of the <a href=\"http:\/\/www.lct-master.org\/\">LCT program<\/a> (Language and Communication Technologies) at Universit\u00e9 de Lorraine<\/li>\n<li>Responsible of the international relations at <a href=\"http:\/\/institut-sciences-digitales.fr\/idmc\/\">IDMC<\/a>, Universit\u00e9 de Lorraine<\/li>\n<\/ul>\n","protected":false},"excerpt":{"rendered":"<p>Education:<\/p>\n<ul>\n<li>Agrega\u00e7\u00e3o (Habilitation in Mathematics):\u00a0Instituto Superior T\u00e9cnico da Universidade de Lisboa, 2023<br role=\"presentation\" \/>Relat\u00f3rio curricular: \u00ab\u00a0Lattice theory for symbolic knowledge discovery\u00a0\u00bb<br role=\"presentation\" \/>Li\u00e7\u00e3o de s\u00edntese: \u00ab\u00a0Galois theories for functions with applications in equational definability and analogy based classification\u00a0\u00bb<br role=\"presentation\" \/>Members of Jury: Anna Labella, Vincenzo Marra, Georg Struth, Jes\u00fas Medina Moreno, M\u00e1rio Alexandre Teles de Figueiredo, Paulo Alexandre Carreira Mateus,<br role=\"presentation\" \/>Pedro Manuel Agostinho Resende<\/li>\n<li>Habilitation \u00e0 Diriger des Recherches (computer science): \u00ab\u00a0Quelques outils alg\u00e9briques en th\u00e9orie de l&rsquo;agr\u00e9gation et d\u00e9cision qualitative\u00a0\u00bb, Universit\u00e9 Paris-Dauphine, 2013<br \/>\nMembers of Jury: Yves Crama,<\/li>\n<\/ul>\n","protected":false},"author":28,"featured_media":0,"parent":0,"menu_order":0,"comment_status":"closed","ping_status":"closed","template":"","meta":{"footnotes":""},"class_list":["post-10","page","type-page","status-publish","hentry"],"_links":{"self":[{"href":"https:\/\/members.loria.fr\/mcouceiro\/wp-json\/wp\/v2\/pages\/10","targetHints":{"allow":["GET"]}}],"collection":[{"href":"https:\/\/members.loria.fr\/mcouceiro\/wp-json\/wp\/v2\/pages"}],"about":[{"href":"https:\/\/members.loria.fr\/mcouceiro\/wp-json\/wp\/v2\/types\/page"}],"author":[{"embeddable":true,"href":"https:\/\/members.loria.fr\/mcouceiro\/wp-json\/wp\/v2\/users\/28"}],"replies":[{"embeddable":true,"href":"https:\/\/members.loria.fr\/mcouceiro\/wp-json\/wp\/v2\/comments?post=10"}],"version-history":[{"count":72,"href":"https:\/\/members.loria.fr\/mcouceiro\/wp-json\/wp\/v2\/pages\/10\/revisions"}],"predecessor-version":[{"id":536,"href":"https:\/\/members.loria.fr\/mcouceiro\/wp-json\/wp\/v2\/pages\/10\/revisions\/536"}],"wp:attachment":[{"href":"https:\/\/members.loria.fr\/mcouceiro\/wp-json\/wp\/v2\/media?parent=10"}],"curies":[{"name":"wp","href":"https:\/\/api.w.org\/{rel}","templated":true}]}}