{"id":22,"date":"2015-06-15T11:01:33","date_gmt":"2015-06-15T09:01:33","guid":{"rendered":"http:\/\/members.loria.fr\/thierrygartiser\/?page_id=22"},"modified":"2024-02-06T01:35:04","modified_gmt":"2024-02-05T23:35:04","slug":"projets","status":"publish","type":"page","link":"https:\/\/members.loria.fr\/mcouceiro\/projets\/","title":{"rendered":"Platforms &amp; Projects"},"content":{"rendered":"<p class=\"p1\"><strong><span class=\"s1\">Platforms<\/span><\/strong><\/p>\n<ul>\n<li><a href=\"https:\/\/anna.loria.fr\/\"><span style=\"color: #0000ff\"><strong>A<\/strong><em>NN<\/em><strong>a<\/strong><\/span><\/a>: a tool for multilingual morphological analogy detection and resolution (coordinator with E. Marquer)<\/li>\n<li><a href=\"https:\/\/fixout.loria.fr\/\"><span style=\"color: #0000ff\">FixOut<\/span><\/a>: an ensemble approach to build fairer models (coordinator with G. Alves)<\/li>\n<li><span style=\"color: #0000ff\"><a style=\"color: #0000ff\" href=\"http:\/\/orphamine.loria.fr\/\">OrphaMine<\/a><\/span>: Data mining platform for orphan diseases (contributor)<\/li>\n<\/ul>\n<p><strong>Current projects<\/strong><\/p>\n<ul>\n<li>ANR <a href=\"https:\/\/anr-inextenso.loria.fr\/\">InExtenso<\/a> \u00ab\u00a0Intrinsic and Extrinsic evaluation of biases in large language models\u00a0\u00bb (2023-2026): WP co-leader<\/li>\n<li>ANR <a href=\"https:\/\/at2ta.loria.fr\/\">AT2TA<\/a> \u00ab\u00a0Analogies: From Theory to Tools and Applications\u00a0\u00bb (2023-2027): PI<\/li>\n<li>ANR RICOCHETS \u00ab\u00a0ResIlienCe tO reCurrent HEaT Stresses in plants\u00a0\u00bb (2023-2026): WP co-leader<\/li>\n<li>ANR <a href=\"https:\/\/www.smartfca.org\/\">SmartFCA<\/a> \u00ab\u00a0Formal Concept Analysis: ASmart Tool for Analysing Complex Data\u00a0\u00bb (2022-2025): member<\/li>\n<li>H2020 ICT-48\u00a0<span style=\"color: #0000ff\"><a style=\"color: #0000ff\" href=\"https:\/\/cordis.europa.eu\/project\/id\/952215\">TAILOR<\/a> <\/span>\u00ab\u00a0Foundations of Trustworthy AI &#8211; Integrating Reasoning, Learning and Optimization\u00a0\u00bb (2020-2023): member<\/li>\n<li>ANR <span style=\"color: #0000ff\"><a style=\"color: #0000ff\" href=\"https:\/\/astrodeep.pages.in2p3.fr\/website\/\">AstroDeep<\/a><\/span> (2019\u20132023): participant<\/li>\n<\/ul>\n<p><strong>Past projects<\/strong><\/p>\n<ul>\n<li>Inria Project Lab <span style=\"color: #0000ff\"><a style=\"color: #0000ff\" href=\"https:\/\/project.inria.fr\/hyaiai\/\">HyAIAI<\/a><\/span> \u00ab\u00a0Hybrid Approaches for Interpretable Artificial Intelligence\u00a0\u00bb (2019-2023): member<\/li>\n<li>ANR <span style=\"color: #0000ff\"><a style=\"color: #0000ff\" href=\"https:\/\/project.inria.fr\/elker\/\">ELKER<\/a><\/span> (2017-2022): member<\/li>\n<li>RHU project FIGHT-HF \u00ab\u00a0Fighting Heart Failure\u00a0\u00bb (2016-2020): participant<\/li>\n<li>Mastodons project QCM-BioChem \u00ab\u00a0Quality in Consensualizing and Mining biological and chemical datasets\u00a0\u00bb (2017-2018): member<\/li>\n<li>H2020 CrossCult \u00ab\u00a0Management and dissemination of Cross-Cultural heritage knowledge in Europe\u00a0\u00bb (2016-2018): member<\/li>\n<li>LabEx project CIMI (Toulouse) ISIPA \u00ab\u00a0Int\\&rsquo;egrale de Sugeno, interpolation, et proportion analogique\u00a0\u00bb (2016-2018): member<\/li>\n<li>PEPS project FaSciDo Prefute \u00ab\u00a0Fouille interactive fond\u00e9e sur les PREF\u00e9rences UTilisatEur\u00a0\u00bb: member<\/li>\n<li>PEPS project FaSciDo ApprOPPre \u00ab\u00a0Approche ordinale pour la pr\u00e9diction de pr\u00e9f\u00e9rences\u00a0\u00bb: PI<\/li>\n<li>Internal research project, University of Luxembourg, MRDO &amp; MRDO2\u00a0 \u00ab\u00a0Mathematics Research in Decision Making and Operations Research\u00a0\u00bb (2009-2011 &amp; 2012-2015): member<\/li>\n<li>Internal research project, University of Luxembourg, RMDS \u00ab\u00a0Recherches math\u00e9matiques en sciences de la d\u00e9cision\u00a0\u00bb (2012-2015): member<\/li>\n<\/ul>\n","protected":false},"excerpt":{"rendered":"<p class=\"p1\">Platforms<\/p>\n<ul>\n<li><a href=\"https:\/\/anna.loria.fr\/\">A<em>NN<\/em>a<\/a>: a tool for multilingual morphological analogy detection and resolution (coordinator with E. Marquer)<\/li>\n<li><a href=\"https:\/\/fixout.loria.fr\/\">FixOut<\/a>: an ensemble approach to build fairer models (coordinator with G. Alves)<\/li>\n<li><a style=\"color: #0000ff\" href=\"http:\/\/orphamine.loria.fr\/\">OrphaMine<\/a>: Data mining platform for orphan diseases (contributor)<\/li>\n<\/ul>\n<p>Current projects<\/p>\n<ul>\n<li>ANR <a href=\"https:\/\/anr-inextenso.loria.fr\/\">InExtenso<\/a> \u00ab\u00a0Intrinsic and Extrinsic evaluation of biases in large language models\u00a0\u00bb (2023-2026): WP co-leader<\/li>\n<li>ANR <a href=\"https:\/\/at2ta.loria.fr\/\">AT2TA<\/a> \u00ab\u00a0Analogies: From Theory to Tools and Applications\u00a0\u00bb (2023-2027): PI<\/li>\n<li>ANR RICOCHETS \u00ab\u00a0ResIlienCe tO reCurrent HEaT Stresses in plants\u00a0\u00bb (2023-2026): WP co-leader<\/li>\n<li>ANR <a href=\"https:\/\/www.smartfca.org\/\">SmartFCA<\/a> \u00ab\u00a0Formal Concept Analysis: ASmart Tool for Analysing Complex Data\u00a0\u00bb (2022-2025): member<\/li>\n<li>H2020 ICT-48\u00a0<a style=\"color: #0000ff\" href=\"https:\/\/cordis.europa.eu\/project\/id\/952215\">TAILOR<\/a> \u00ab\u00a0Foundations of Trustworthy AI &#8211;<\/li>\n<\/ul>\n","protected":false},"author":28,"featured_media":0,"parent":0,"menu_order":0,"comment_status":"closed","ping_status":"closed","template":"page-fullwidth.php","meta":{"footnotes":""},"class_list":["post-22","page","type-page","status-publish","hentry"],"_links":{"self":[{"href":"https:\/\/members.loria.fr\/mcouceiro\/wp-json\/wp\/v2\/pages\/22","targetHints":{"allow":["GET"]}}],"collection":[{"href":"https:\/\/members.loria.fr\/mcouceiro\/wp-json\/wp\/v2\/pages"}],"about":[{"href":"https:\/\/members.loria.fr\/mcouceiro\/wp-json\/wp\/v2\/types\/page"}],"author":[{"embeddable":true,"href":"https:\/\/members.loria.fr\/mcouceiro\/wp-json\/wp\/v2\/users\/28"}],"replies":[{"embeddable":true,"href":"https:\/\/members.loria.fr\/mcouceiro\/wp-json\/wp\/v2\/comments?post=22"}],"version-history":[{"count":10,"href":"https:\/\/members.loria.fr\/mcouceiro\/wp-json\/wp\/v2\/pages\/22\/revisions"}],"predecessor-version":[{"id":539,"href":"https:\/\/members.loria.fr\/mcouceiro\/wp-json\/wp\/v2\/pages\/22\/revisions\/539"}],"wp:attachment":[{"href":"https:\/\/members.loria.fr\/mcouceiro\/wp-json\/wp\/v2\/media?parent=22"}],"curies":[{"name":"wp","href":"https:\/\/api.w.org\/{rel}","templated":true}]}}