{"id":266,"date":"2016-05-30T22:47:22","date_gmt":"2016-05-30T20:47:22","guid":{"rendered":"http:\/\/members.loria.fr\/mcouceiro\/?page_id=266"},"modified":"2017-01-10T09:58:06","modified_gmt":"2017-01-10T07:58:06","slug":"teaching","status":"publish","type":"page","link":"https:\/\/members.loria.fr\/mcouceiro\/teaching\/","title":{"rendered":"Teaching"},"content":{"rendered":"<p><strong>Universit\u00e9 de Lorraine\u00a0 <\/strong>(2014- present)<\/p>\n<ul>\n<li>S\u00e9minaire et remise a niveau, M2 SCA<\/li>\n<li>Gestion des connaissances et Web s\u00e9mantique (with A. Napoli)<\/li>\n<li>Gestion des connaissances, M2 SCMN<\/li>\n<li>Fouille de donn\u00e9es (with L. Vigneron), M2 MIAGE SID<\/li>\n<li>IA fondamentale : repr\u00e9sentation des connaissances et fouille de donn\u00e9es (with L. Buhry and G. Bonin), M1 SCA<\/li>\n<li>Outils conceptuels, L3 MIAGE, 2014-2015, 2015-16<\/li>\n<li>Algorithmique pour IA, M1 SCA + M1 MIAGE (with L. Buhry)<\/li>\n<li>Initiation au traitement automatique des langues &#8211; TAL, M1 SCA + L2 Info<\/li>\n<li>Algorithmique et complexit\u00e9 (exercices), L3 Miage<\/li>\n<\/ul>\n<p><strong>Universit\u00e9 Paris-Dauphine <\/strong>(2012-2014)<\/p>\n<ul>\n<li>Apprentissage de pr\u00e9f\u00e9rences, M2 ISI<\/li>\n<li>Analyse de donn\u00e9es, L3 Info + L3 Apprentissage<\/li>\n<li>Analyse et fouille de donn\u00e9es avanc\u00e9es (exercices), M1<\/li>\n<li>Algorithmique g\u00e9n\u00e9rale (exercices), L2<\/li>\n<\/ul>\n<p><strong>Doctoral and Summer courses\u00a0 <\/strong>(2009-2013)<\/p>\n<ul>\n<li><strong>Universit\u00e9 Paris-Dauphine: <\/strong>Introduction to clone theory and applications to constraint satisfaction problems (with C. Carvalho and E. Lehtonen)<\/li>\n<li><strong>University of Tampere: <\/strong>Boolean functions and function algebras (with E. Lehtonen)<\/li>\n<li><strong>Tampere University of Technology: <\/strong>Boolean functions and function algebras (with E. Lehtonen)<\/li>\n<\/ul>\n<p><strong>University of Luxembourg\u00a0 <\/strong>(2008-2012)<\/p>\n<ul>\n<li>Graph theory, M1<\/li>\n<li>Basics of discrete mathematics, M1<\/li>\n<li>Analyse num\u00e9rique, L3<\/li>\n<li>M\u00e9thodes et outils d&rsquo;aide \u00e0 la d\u00e9cision (exercices)<\/li>\n<\/ul>\n<p><strong>University of Tampere\u00a0\u00a0 <\/strong>(2006-2007)<\/p>\n<ul>\n<li>Introduction to coding theory, MSc.<\/li>\n<li>Information theory, MSc<\/li>\n<\/ul>\n<p><strong>Tampere University of Technology <\/strong>(2001-2007)<\/p>\n<ul>\n<li>Algebra 2 (exercices), MSc.<\/li>\n<li>Coding theory (exercices), MSc.<\/li>\n<li>Information theory (exercices), MSc.<\/li>\n<li>Finite fields (exercices), MSc.<\/li>\n<li>Automata theory (exercises), MSc.<\/li>\n<li>Mathematical logic (exercises), MSc.<\/li>\n<\/ul>\n","protected":false},"excerpt":{"rendered":"<p>Universit\u00e9 de Lorraine\u00a0 (2014- present)<\/p>\n<ul>\n<li>S\u00e9minaire et remise a niveau, M2 SCA<\/li>\n<li>Gestion des connaissances et Web s\u00e9mantique (with A. Napoli)<\/li>\n<li>Gestion des connaissances, M2 SCMN<\/li>\n<li>Fouille de donn\u00e9es (with L. Vigneron), M2 MIAGE SID<\/li>\n<li>IA fondamentale : repr\u00e9sentation des connaissances et fouille de donn\u00e9es (with L. Buhry and G. Bonin), M1 SCA<\/li>\n<li>Outils conceptuels, L3 MIAGE, 2014-2015, 2015-16<\/li>\n<li>Algorithmique pour IA, M1 SCA + M1 MIAGE (with L. Buhry)<\/li>\n<li>Initiation au traitement automatique des langues &#8211; TAL, M1 SCA + L2 Info<\/li>\n<li>Algorithmique et complexit\u00e9 (exercices),<\/li>\n<\/ul>\n","protected":false},"author":28,"featured_media":0,"parent":0,"menu_order":0,"comment_status":"closed","ping_status":"closed","template":"","meta":{"footnotes":""},"class_list":["post-266","page","type-page","status-publish","hentry"],"_links":{"self":[{"href":"https:\/\/members.loria.fr\/mcouceiro\/wp-json\/wp\/v2\/pages\/266","targetHints":{"allow":["GET"]}}],"collection":[{"href":"https:\/\/members.loria.fr\/mcouceiro\/wp-json\/wp\/v2\/pages"}],"about":[{"href":"https:\/\/members.loria.fr\/mcouceiro\/wp-json\/wp\/v2\/types\/page"}],"author":[{"embeddable":true,"href":"https:\/\/members.loria.fr\/mcouceiro\/wp-json\/wp\/v2\/users\/28"}],"replies":[{"embeddable":true,"href":"https:\/\/members.loria.fr\/mcouceiro\/wp-json\/wp\/v2\/comments?post=266"}],"version-history":[{"count":10,"href":"https:\/\/members.loria.fr\/mcouceiro\/wp-json\/wp\/v2\/pages\/266\/revisions"}],"predecessor-version":[{"id":386,"href":"https:\/\/members.loria.fr\/mcouceiro\/wp-json\/wp\/v2\/pages\/266\/revisions\/386"}],"wp:attachment":[{"href":"https:\/\/members.loria.fr\/mcouceiro\/wp-json\/wp\/v2\/media?parent=266"}],"curies":[{"name":"wp","href":"https:\/\/api.w.org\/{rel}","templated":true}]}}