{"id":268,"date":"2016-05-30T22:47:44","date_gmt":"2016-05-30T20:47:44","guid":{"rendered":"http:\/\/members.loria.fr\/mcouceiro\/?page_id=268"},"modified":"2025-05-26T14:34:06","modified_gmt":"2025-05-26T12:34:06","slug":"supervision","status":"publish","type":"page","link":"https:\/\/members.loria.fr\/mcouceiro\/supervision\/","title":{"rendered":"Supervision"},"content":{"rendered":"<p><span style=\"font-size: large\"><b>Supervision<\/b><\/span><\/p>\n<p><span style=\"font-size: medium\"><b>Ph.D. students : <\/b><\/span><\/p>\n<ul>\n<li>Ayoub Hammal, Ph.D. student in Computer Science, LISN (UMR 9015). Start: September 2024.<br \/>\n<em>Limitation des biais dans les grands mod\u00e8les de langue<\/em> (with Caio Corro and Pierre Zweigenbaum).<\/li>\n<li>Morgan Ruiz-Huidobro, Ph.D. student in Computer Science, Happiso (CIFRE contract). Start: April 2023.<br \/>\n<em>Exploiting explanations and fairness of neural approaches for a decision support system<\/em> (with Bernadetta Addis).<\/li>\n<li>Lucas Jarnac, Ph.D. student in Computer Science, LORIA (UMR 7503) and Orange (CIFRE). Start : February 2023.<br \/>\n<em>R\u00e9concilier des connaissances incertaines pour am\u00e9liorer un graphe de connaissances <\/em>(with with Pierre Monnin).<\/li>\n<li>Egor Dudyrev, Ph.D. student in Computer Science, LORIA (UMR 7503). Start : January 2023.<br \/>\n<em>Conception d&rsquo;algorithmes op\u00e9rationnels, g\u00e9n\u00e9riques et interop\u00e9rables pour la FCA et les Pattern Structures dans la plateforme SmartFCA <\/em>(with Mehdi Kaytoue).<\/li>\n<li>Safa Alsaidi, Ph.D. student in Computer Science, Inria Paris. Start : December 2022.<br \/>\n<em>Patient representation learning for analogical reasoning in healthcare <\/em>(with Adrien Coulet and Nicolas Garcelon).<\/li>\n<li>Mohammed Fellaji,\u00a0Ph.D. student in Computer Science, LORIA (UMR 7503). Start : January 2022.<br \/>\n<em>R\u00e9seaux neuronaux bay\u00e9siens dynamiques <\/em>(with Fr\u00e9d\u00e9ric Pennerath).<\/li>\n<\/ul>\n<p><span style=\"font-size: medium\"><b>Former Ph.D. students : <\/b><\/span><\/p>\n<ul>\n<li>Ambroise Baril, Ph.D. in Computer Science, LORIA (UMR 7503). Defended : June 2024.<br \/>\n<em>Fine-Grained and parameterised complexity of H-colouring problems <\/em>(with Victor Lagerkvist, Link\u00f6ping U.).<\/li>\n<li>Esteban Marquer, Ph.D. in Computer Science, LORIA (UMR 7503). Start : October 2020.<br \/>\n<em>Reasoning over Data: Analogy-based and transfer learning to improve Machine Learning <\/em>(with Alain G\u00e9ly).<\/li>\n<li>Claire Theobalt, Ph.D. in Computer Science, LORIA (UMR 7503). Defended : June 2023.<br \/>\n<em>Bayesian deep learning for mining and analyzing astronomical data <\/em>(with Fr\u00e9d\u00e9ric Pennerath).<\/li>\n<li>Georgios Zervakis, Ph.D. in Computer Science, LORIA (UMR 7503). Defended : March 2023.<br \/>\n<em>Improving large language models with semantic lexicons and analogies<\/em> (with Emmanuel Vincent).<\/li>\n<li>Guilherme Alves, Ph.D. in Computer Science, LORIA (UMR 7503). Defended : December 2022.<br \/>\n<em>Hybrid processing for algorithmic fairness<\/em> (with Amedeo Napoli).<\/li>\n<li>Kevin Dalleau, Ph.D. student in Computer Science, LORIA (UMR 7503). Defended : November 2021.<br \/>\n<em>Une approche stochastique \u00e0 base d\u2019arbres al\u00e9atoires pour le calcul de disssimilarit\u00e9s : application au clustering pour diverses structures de donn\u00e9es<br \/>\n<\/em>(with Malika Smail-Tabbone).<\/li>\n<li>Pierre Mercuriali, Ph.D. in Computer Science, LORIA (UMR 7503). Defended : December 2020.<br \/>\n<em>Calcul \u00e0 base de m\u00e9diane et structures m\u00e9dianes pour la classification<\/em> (with Romain P\u00e9choux).<\/li>\n<li>Nyoman Juniarta, Ph.D.in Computer Science, LORIA (UMR 7503). Defended : December 2019.<br \/>\n<em>Fouille de donn\u00e9es complexes et biclustering avec l\u2019analyse formelle de concepts<\/em><br \/>\n(with Amedeo Napoli)<\/li>\n<li>Fran\u00e7ois Pirot, Ph.D. in Computer Science, LORIA (UMR 7503). Defended : November 2019.<br \/>\n<em>Colouring Sparse Graphs<\/em> (with Jean-S\u00e9bastien Sereni and Ross Kang).<\/li>\n<li>Quentin Brabant, Ph.D. in Computer Science, LORIA (UMR 7503). Defended : January 2019.<br \/>\n<em>Polyn\u00f4mes latticiels : interpolation de fonctions partielles et classification monotone.<\/em><\/li>\n<li>Judita Dascal, Ph.D. in Mathematics, University of Luxembourg, Luxembourg, 2012.<br \/>\n<em>Mean values and Functional Equations<\/em> (with Jean-Luc Marichal (Dir.) and Pierre Mathonet)<\/li>\n<\/ul>\n<p><span style=\"font-size: medium\"><b>Research internships : <\/b><\/span><\/p>\n<ul>\n<li>TBC<\/li>\n<li>Fabien Bernier, formation d&rsquo;ing\u00e9nieur TELECOM Nancy (IAMD), LORIA (UMR 7503), 2021.<br \/>\n<em>A Study about Explainability and Fairness in Machine Learning and Knowledge Discovery<\/em> (with Amedeo Napoli)<\/li>\n<li>Eduardo Cal\u00f2, Master NLP, startup Naimrod, LORIA (UMR 7503), 2021.<br \/>\n<em>Building a learning space for language acquisition<\/em> (with Alexandre Bazin and Benedict O&rsquo;Donnell).<\/li>\n<li>Mohammed Rameez Querish, Master NLP, INRIA Rennes-Bretagne, LORIA (UMR 7503), 2021.<br \/>\n<em>Mitigating unintended bias in masked language models<\/em> (with Luis Gal\u00e1rraga).<\/li>\n<li>Charles Vernerey, Master MIAGE, LORIA (UMR 7503), 2020.<br \/>\n<em>De l&rsquo;usage des donn\u00e9es pour la construction de mod\u00e8le en r\u00e9novation \u00e9nerg\u00e9tique <\/em>(With Vincent Chevrier).<\/li>\n<li>Esteban Marquer, Master NLP, INRIA Nancy G.E., 2020.<br \/>\n<em>Generating concept lattices using variational autoencoders<\/em> (with Ajinkya Kulkarni and Alexandre Bazin).<\/li>\n<li>Reem Mathbout, Master SCA, LORIA (UMR 7503), 2018.<br \/>\n<em> Faceted search for Rating the Digital Performance of a Company<\/em> (with Amedeo Napoli).<\/li>\n<li>Baptiste Mournier, Master SCA, LORIA (UMR 7503), 2018.<br \/>\n<em>Graphes m\u00e9dians, FCA et phylog\u00e9nie <\/em>(with Alain Gelly).<\/li>\n<li>Yassin Namir, Master Informatique et D\u00e9cision, LORIA (UMR 7503), 2017.<br \/>\n<em>Comment rendre un treillis distributif et utilisation en phylog\u00e9nie <\/em>(with Amedeo Napoli and Alain Gelly).<\/li>\n<li>Pierre Mercuriali, Master SCA, LORIA (UMR 7503), 2016.<br \/>\n<em>Median based computations in propositional logic<\/em> (with Romain P\u00e9choux).<\/li>\n<li>Alice Leung, Master SCA, Universit\u00e9 de Lorraine &#8211; RealSelf inc., 2016.<br \/>\n<em>Evaluating Automatic Keyword Extraction for Internet Reviews<\/em> (with Matt Woodward, RealSelf inc.).<\/li>\n<li>Quentin Brabant, Master SCA, LORIA (UMR 7503), 2015.<br \/>\n<em>Etude de fonctions d&rsquo;agr\u00e9gation pour l&rsquo;aide \u00e0 la d\u00e9cision et l&rsquo;apprentissage de pr\u00e9f\u00e9rences<\/em>.<\/li>\n<\/ul>\n","protected":false},"excerpt":{"rendered":"<p>Supervision<\/p>\n<p>Ph.D. students : <\/p>\n<ul>\n<li>Ayoub Hammal, Ph.D. student in Computer Science, LISN (UMR 9015). Start: September 2024.<br \/>\n<em>Limitation des biais dans les grands mod\u00e8les de langue<\/em> (with Caio Corro and Pierre Zweigenbaum).<\/li>\n<li>Morgan Ruiz-Huidobro, Ph.D. student in Computer Science, Happiso (CIFRE contract). Start: April 2023.<br \/>\n<em>Exploiting explanations and fairness of neural approaches for a decision support system<\/em> (with Bernadetta Addis).<\/li>\n<li>Lucas Jarnac, Ph.D. student in Computer Science, LORIA (UMR 7503) and Orange (CIFRE). Start : February 2023.<br \/>\n<em>R\u00e9concilier des connaissances incertaines pour am\u00e9liorer un graphe de connaissances <\/em>(with with Pierre Monnin).<\/li>\n<\/ul>\n","protected":false},"author":28,"featured_media":0,"parent":0,"menu_order":0,"comment_status":"closed","ping_status":"closed","template":"","meta":{"footnotes":""},"class_list":["post-268","page","type-page","status-publish","hentry"],"_links":{"self":[{"href":"https:\/\/members.loria.fr\/mcouceiro\/wp-json\/wp\/v2\/pages\/268","targetHints":{"allow":["GET"]}}],"collection":[{"href":"https:\/\/members.loria.fr\/mcouceiro\/wp-json\/wp\/v2\/pages"}],"about":[{"href":"https:\/\/members.loria.fr\/mcouceiro\/wp-json\/wp\/v2\/types\/page"}],"author":[{"embeddable":true,"href":"https:\/\/members.loria.fr\/mcouceiro\/wp-json\/wp\/v2\/users\/28"}],"replies":[{"embeddable":true,"href":"https:\/\/members.loria.fr\/mcouceiro\/wp-json\/wp\/v2\/comments?post=268"}],"version-history":[{"count":35,"href":"https:\/\/members.loria.fr\/mcouceiro\/wp-json\/wp\/v2\/pages\/268\/revisions"}],"predecessor-version":[{"id":541,"href":"https:\/\/members.loria.fr\/mcouceiro\/wp-json\/wp\/v2\/pages\/268\/revisions\/541"}],"wp:attachment":[{"href":"https:\/\/members.loria.fr\/mcouceiro\/wp-json\/wp\/v2\/media?parent=268"}],"curies":[{"name":"wp","href":"https:\/\/api.w.org\/{rel}","templated":true}]}}